{"id":10000043,"date":"2016-09-22T17:37:06","date_gmt":"2016-09-22T15:37:06","guid":{"rendered":"https:\/\/www.fh-joanneum.at\/technische-dokumentation\/postgraduate\/?page_id=43"},"modified":"2025-03-10T09:22:41","modified_gmt":"2025-03-10T08:22:41","slug":"persoenliches-gespraech","status":"publish","type":"page","link":"https:\/\/www.fh-joanneum.at\/technische-dokumentation\/postgraduate\/vor-dem-studium\/persoenliches-gespraech\/","title":{"rendered":"Pers\u00f6nliches Gespr\u00e4ch"},"content":{"rendered":"<div id=\"\" class=\"wp-block-text-content margin-bottom-none\">\n    <div class=\"container-lg\">\n        <div class=\"row\">\n            <div class=\"col\">\n                <div class=\"module-migration-headline\">\n<h3>Das pers&ouml;nliche Gespr&auml;ch<\/h3>\n<\/div>\n\n            <\/div>\n        <\/div>\n            <\/div>\n<\/div>\n\n\n<div id=\"\" class=\"wp-block-text-content margin-bottom-normal\">\n    <div class=\"container-lg\">\n        <div class=\"row\">\n            <div class=\"col\">\n                <p>Mit allen Kandidat:innen wird ein Bewerbungsgespr&auml;ch gef&uuml;hrt. Diese Gespr&auml;che finden laufend statt. Sie f&uuml;hren Ihr Bewerbungsgespr&auml;ch mit der Lehrgangsleitung, gegebenenfalls erg&auml;nzt durch zus&auml;tzliche Lehrende des Instituts Journalismus und Digitale Medien. Es dauert in der Regel 30 bis 60 Minuten.<\/p>\n\n            <\/div>\n        <\/div>\n            <\/div>\n<\/div>\n\n\n<div\n    id=\"\"\n    class=\"wp-block-tipp-box margin-bottom-normal\"\n>\n    <div class=\"container-lg\">\n        <div class=\"row\">\n            <div class=\"col\">\n                <div class=\"tipp-box border border-info\">\n                    <div class=\"tipp-box-inner p-2 p-md-3\">\n                        <h4 class=\"\">Hinweis<\/h4>\n                        <p>Das Bewerbungsgespr\u00e4ch dient dazu, Sie pers\u00f6nlich kennenzulernen sowie Ihre Kompetenzen und Ihr Vorwissen einsch\u00e4tzen zu k\u00f6nnen. Zugleich soll Ihre Erwartungshaltung abgefragt werden.<\/p>\n\n                    <\/div>\n                <\/div>\n            <\/div>\n        <\/div>\n    <\/div>\n<\/div>\n","protected":false},"excerpt":{"rendered":"<p>Beim pers\u00f6nlichen Gespr\u00e4ch ermitteln wir Ihre pers\u00f6nlichen F\u00e4higkeiten und Potenziale f\u00fcr den Lehrgang.<\/p>\n","protected":false},"author":11,"featured_media":0,"parent":10000039,"menu_order":14,"comment_status":"closed","ping_status":"closed","template":"","meta":{"_acf_changed":false,"footnotes":""},"acf":[],"aioseo_notices":[],"_links":{"self":[{"href":"https:\/\/www.fh-joanneum.at\/technische-dokumentation\/postgraduate\/wp-json\/wp\/v2\/pages\/10000043"}],"collection":[{"href":"https:\/\/www.fh-joanneum.at\/technische-dokumentation\/postgraduate\/wp-json\/wp\/v2\/pages"}],"about":[{"href":"https:\/\/www.fh-joanneum.at\/technische-dokumentation\/postgraduate\/wp-json\/wp\/v2\/types\/page"}],"author":[{"embeddable":true,"href":"https:\/\/www.fh-joanneum.at\/technische-dokumentation\/postgraduate\/wp-json\/wp\/v2\/users\/11"}],"replies":[{"embeddable":true,"href":"https:\/\/www.fh-joanneum.at\/technische-dokumentation\/postgraduate\/wp-json\/wp\/v2\/comments?post=10000043"}],"version-history":[{"count":1,"href":"https:\/\/www.fh-joanneum.at\/technische-dokumentation\/postgraduate\/wp-json\/wp\/v2\/pages\/10000043\/revisions"}],"predecessor-version":[{"id":10000309,"href":"https:\/\/www.fh-joanneum.at\/technische-dokumentation\/postgraduate\/wp-json\/wp\/v2\/pages\/10000043\/revisions\/10000309"}],"up":[{"embeddable":true,"href":"https:\/\/www.fh-joanneum.at\/technische-dokumentation\/postgraduate\/wp-json\/wp\/v2\/pages\/10000039"}],"wp:attachment":[{"href":"https:\/\/www.fh-joanneum.at\/technische-dokumentation\/postgraduate\/wp-json\/wp\/v2\/media?parent=10000043"}],"curies":[{"name":"wp","href":"https:\/\/api.w.org\/{rel}","templated":true}]}}