{"id":10000044,"date":"2016-09-22T17:39:39","date_gmt":"2016-09-22T15:39:39","guid":{"rendered":"https:\/\/www.fh-joanneum.at\/technische-dokumentation\/postgraduate\/?page_id=44"},"modified":"2025-03-10T09:22:22","modified_gmt":"2025-03-10T08:22:22","slug":"nach-dem-auswahlverfahren","status":"publish","type":"page","link":"https:\/\/www.fh-joanneum.at\/technische-dokumentation\/postgraduate\/vor-dem-studium\/nach-dem-auswahlverfahren\/","title":{"rendered":"Nach dem Auswahlverfahren"},"content":{"rendered":"<div id=\"\" class=\"wp-block-text-content margin-bottom-none\">\n    <div class=\"container-lg\">\n        <div class=\"row\">\n            <div class=\"col\">\n                <div class=\"module-migration-headline\">\n<h3>Nach dem Auswahlverfahren<\/h3>\n<\/div>\n\n            <\/div>\n        <\/div>\n            <\/div>\n<\/div>\n\n\n<div id=\"\" class=\"wp-block-text-content margin-bottom-normal\">\n    <div class=\"container-lg\">\n        <div class=\"row\">\n            <div class=\"col\">\n                <p>Das Ergebnis des Auswahlverfahrens erfahren die Bewerber:innen zeitnah zum Aufnahmegespr&auml;ch per E-Mail.<\/p>\n<p>Es gibt auch eine Warteliste: Verzichten zugelassene Studienwerber:innen auf den zugesagten Studienplatz, k&ouml;nnen nachgereihte Interessentinnen und Interessenten nachgezogen werden.<\/p>\n\n            <\/div>\n        <\/div>\n            <\/div>\n<\/div>\n","protected":false},"excerpt":{"rendered":"<p>Hier erfahren Sie, wann und wie Sie \u00fcber das Ergebnis des pers\u00f6nlichen Gespr\u00e4chs informiert werden.<\/p>\n","protected":false},"author":11,"featured_media":0,"parent":10000039,"menu_order":15,"comment_status":"closed","ping_status":"closed","template":"","meta":{"_acf_changed":false,"footnotes":""},"acf":[],"aioseo_notices":[],"_links":{"self":[{"href":"https:\/\/www.fh-joanneum.at\/technische-dokumentation\/postgraduate\/wp-json\/wp\/v2\/pages\/10000044"}],"collection":[{"href":"https:\/\/www.fh-joanneum.at\/technische-dokumentation\/postgraduate\/wp-json\/wp\/v2\/pages"}],"about":[{"href":"https:\/\/www.fh-joanneum.at\/technische-dokumentation\/postgraduate\/wp-json\/wp\/v2\/types\/page"}],"author":[{"embeddable":true,"href":"https:\/\/www.fh-joanneum.at\/technische-dokumentation\/postgraduate\/wp-json\/wp\/v2\/users\/11"}],"replies":[{"embeddable":true,"href":"https:\/\/www.fh-joanneum.at\/technische-dokumentation\/postgraduate\/wp-json\/wp\/v2\/comments?post=10000044"}],"version-history":[{"count":1,"href":"https:\/\/www.fh-joanneum.at\/technische-dokumentation\/postgraduate\/wp-json\/wp\/v2\/pages\/10000044\/revisions"}],"predecessor-version":[{"id":10000308,"href":"https:\/\/www.fh-joanneum.at\/technische-dokumentation\/postgraduate\/wp-json\/wp\/v2\/pages\/10000044\/revisions\/10000308"}],"up":[{"embeddable":true,"href":"https:\/\/www.fh-joanneum.at\/technische-dokumentation\/postgraduate\/wp-json\/wp\/v2\/pages\/10000039"}],"wp:attachment":[{"href":"https:\/\/www.fh-joanneum.at\/technische-dokumentation\/postgraduate\/wp-json\/wp\/v2\/media?parent=10000044"}],"curies":[{"name":"wp","href":"https:\/\/api.w.org\/{rel}","templated":true}]}}