{"id":10000051,"date":"2016-09-22T18:23:38","date_gmt":"2016-09-22T16:23:38","guid":{"rendered":"https:\/\/www.fh-joanneum.at\/technische-dokumentation\/postgraduate\/?page_id=51"},"modified":"2025-03-10T15:36:25","modified_gmt":"2025-03-10T14:36:25","slug":"studienplan","status":"publish","type":"page","link":"https:\/\/www.fh-joanneum.at\/technische-dokumentation\/postgraduate\/im-studium\/studienplan\/","title":{"rendered":"Studienplan"},"content":{"rendered":"<div id=\"\" class=\"wp-block-text-content margin-bottom-none\">\n    <div class=\"container-lg\">\n        <div class=\"row\">\n            <div class=\"col\">\n                <h4>Studienplan<\/h4>\n\n            <\/div>\n        <\/div>\n            <\/div>\n<\/div>\n\n\n<div\n    id=\"\"\n    class=\"wp-block-downloads margin-bottom-normal\"\n>\n    <div class=\"container-lg\">\n        <div class=\"row\">\n                                                                        <div class=\"col-12 col-md-6 mb-4\">\n                            <a\n                                download\n                                href=\"https:\/\/cdn3.fh-joanneum.at\/media\/sites\/63\/2025\/03\/Moduluebersicht-Technische-Dokumentation.pdf\"\n                                target=\"_blank\"\n                                class=\"d-block text-decoration-none major-text-color-hover border p-2\"\n                            >\n                                <div class=\"d-flex align-items-center\">\n                                    <?xml version=\"1.0\" encoding=\"UTF-8\"?>\n<svg class=\"me-2 flex-shrink-0\" xmlns=\"http:\/\/www.w3.org\/2000\/svg\"  width=\"44\" height=\"48\" viewBox=\"0 0 512 512\">\n      <path d=\"m21 53l0 406c0 29 24 53 54 53l170 0c6 0 11-5 11-11 0-6-5-10-11-10l-170 0c-18 0-32-15-32-32l0-363c9 7 20 11 32 11l352 0 0 128c0 6 4 10 10 10 6 0 11-4 11-10l0-150-373 0c-18 0-32-14-32-32 0-17 14-32 32-32l362 0c6 0 11-4 11-10 0-6-5-11-11-11l-362 0c-30 0-54 24-54 53z m342 459c-71 0-128-57-128-128 0-71 57-128 128-128 70 0 128 57 128 128 0 71-58 128-128 128z m-8-67c0 0 0 0 0 0l-43-43c-4-4-4-11 0-15 5-4 11-4 16 0l24 25 0-81c0-6 5-11 11-11 6 0 10 5 10 11l0 81 25-25c4-4 11-4 15 0 4 4 4 11 0 15l-43 43c0 0 0 0 0 0l-7 7z m8-168c-59 0-107 48-107 107 0 59 48 107 107 107 58 0 106-48 106-107 0-59-48-107-106-107z m-288-234l0 21 352 0 0-21z\"\/>\n<\/svg>                                    <div class=\"download-info\">\n                                        <span class=\"download-title fw-bold\">\n                                            Modulu\u0308bersicht Technische Dokumentation und Content Management \n                                        <\/span>\n\n                                        <div class=\"download-meta\">\n                                            <span class=\"download-size\">62 kB<\/span>\n                                            <span class=\"download-cta\">PDF<\/span>\n                                        <\/div>\n                                    <\/div>\n                                <\/div>\n                            <\/a>\n                        <\/div>\n                                                                                <div class=\"col-12 col-md-6 mb-4\">\n                            <a\n                                download\n                                href=\"https:\/\/cdn3.fh-joanneum.at\/media\/sites\/63\/2025\/03\/Curriculumsmatrix-Technische-Dokumentation.pdf\"\n                                target=\"_blank\"\n                                class=\"d-block text-decoration-none major-text-color-hover border p-2\"\n                            >\n                                <div class=\"d-flex align-items-center\">\n                                    <?xml version=\"1.0\" encoding=\"UTF-8\"?>\n<svg class=\"me-2 flex-shrink-0\" xmlns=\"http:\/\/www.w3.org\/2000\/svg\"  width=\"44\" height=\"48\" viewBox=\"0 0 512 512\">\n      <path d=\"m21 53l0 406c0 29 24 53 54 53l170 0c6 0 11-5 11-11 0-6-5-10-11-10l-170 0c-18 0-32-15-32-32l0-363c9 7 20 11 32 11l352 0 0 128c0 6 4 10 10 10 6 0 11-4 11-10l0-150-373 0c-18 0-32-14-32-32 0-17 14-32 32-32l362 0c6 0 11-4 11-10 0-6-5-11-11-11l-362 0c-30 0-54 24-54 53z m342 459c-71 0-128-57-128-128 0-71 57-128 128-128 70 0 128 57 128 128 0 71-58 128-128 128z m-8-67c0 0 0 0 0 0l-43-43c-4-4-4-11 0-15 5-4 11-4 16 0l24 25 0-81c0-6 5-11 11-11 6 0 10 5 10 11l0 81 25-25c4-4 11-4 15 0 4 4 4 11 0 15l-43 43c0 0 0 0 0 0l-7 7z m8-168c-59 0-107 48-107 107 0 59 48 107 107 107 58 0 106-48 106-107 0-59-48-107-106-107z m-288-234l0 21 352 0 0-21z\"\/>\n<\/svg>                                    <div class=\"download-info\">\n                                        <span class=\"download-title fw-bold\">\n                                            Curriculumsmatrix Technische Dokumentation und Content Management \n                                        <\/span>\n\n                                        <div class=\"download-meta\">\n                                            <span class=\"download-size\">142 kB<\/span>\n                                            <span class=\"download-cta\">PDF<\/span>\n                                        <\/div>\n                                    <\/div>\n                                <\/div>\n                            <\/a>\n                        <\/div>\n                                                        <\/div>\n    <\/div>\n<\/div>\n\n\n<div\n    id=\"\"\n    class=\"wp-block-content-image margin-bottom-normal\"\n>\n    <div class=\"container-lg\">\n        <div class=\"row\">\n            <div class=\"col-12\">\n                <div >\n\n                    <div class=\"image-wrapper\">\n                        <picture>\n                        <source\n                media=\"(max-width: 576px)\"\n                srcset=\"https:\/\/cdn3.fh-joanneum.at\/media\/sites\/63\/2025\/03\/Curriculum-Technische-Dokumentation-576x544.jpg, https:\/\/cdn3.fh-joanneum.at\/media\/sites\/63\/2025\/03\/Curriculum-Technische-Dokumentation-768x725.jpg 2x\"\n            \/>\n                    <source\n                media=\"(max-width: 768px)\"\n                srcset=\"https:\/\/cdn3.fh-joanneum.at\/media\/sites\/63\/2025\/03\/Curriculum-Technische-Dokumentation-768x725.jpg, https:\/\/cdn3.fh-joanneum.at\/media\/sites\/63\/2025\/03\/Curriculum-Technische-Dokumentation-1024x966.jpg 2x\"\n            \/>\n                    <source\n                media=\"(max-width: 1024px)\"\n                srcset=\"https:\/\/cdn3.fh-joanneum.at\/media\/sites\/63\/2025\/03\/Curriculum-Technische-Dokumentation-1024x966.jpg, https:\/\/cdn3.fh-joanneum.at\/media\/sites\/63\/2025\/03\/Curriculum-Technische-Dokumentation.jpg 2x\"\n            \/>\n                    <source\n                media=\"(max-width: 1028px)\"\n                srcset=\"https:\/\/cdn3.fh-joanneum.at\/media\/sites\/63\/2025\/03\/Curriculum-Technische-Dokumentation.jpg, https:\/\/cdn3.fh-joanneum.at\/media\/sites\/63\/2025\/03\/Curriculum-Technische-Dokumentation.jpg 2x\"\n            \/>\n                    <source\n                media=\"(max-width: 1028px)\"\n                srcset=\"https:\/\/cdn3.fh-joanneum.at\/media\/sites\/63\/2025\/03\/Curriculum-Technische-Dokumentation.jpg, https:\/\/cdn3.fh-joanneum.at\/media\/sites\/63\/2025\/03\/Curriculum-Technische-Dokumentation.jpg 2x\"\n            \/>\n                <img decoding=\"async\"\n        class=\"img-fluid @if ($image_credit || $media_subtitle) mb-2 @endif @if ($lightbox) modal-trigger @endif\" @click=\"modal = !modal\" aria-expanded=\"false\"\n        src=\"https:\/\/cdn3.fh-joanneum.at\/media\/sites\/63\/2025\/03\/Curriculum-Technische-Dokumentation.jpg\"\n        alt=\"\"\n        title=\"\"\n         loading=\"lazy\"             >\n<\/picture>\n\n                                                                    <\/div>\n\n                                    <\/div>\n\n            <\/div>\n        <\/div>\n    <\/div>\n<\/div>\n\n\n<div\n    id=\"\"\n    class=\"wp-block-curriculum margin-bottom-normal\"\n>\n    <div class=\"container-lg\">\n        <div class=\"row\">\n                            <div\n    id=\"\"\n    class=\"wp-block-curriculum margin-bottom-normal\"\n>\n    <div class=\"container-lg\">\n        <div class=\"row\">\n            <div class=\"col\">\n                <div class=\"tipp-box border border-warning\">\n                    <div class=\"tipp-box-inner p-2 p-md-3\">\n                        <h4 class=\"\">Information<\/h4>\n                        Dieser Studienplan wird in K\u00fcrze online verf\u00fcgbar sein.\n                                                                                                                                                                \n                    <\/div>\n                <\/div>\n            <\/div>\n        <\/div>\n    <\/div>\n<\/div>\n            \n                    <\/div>\n    <\/div>\n<\/div>\n","protected":false},"excerpt":{"rendered":"<p>Um die vielseitige und praxisbezogene Ausbildung bestm\u00f6glich abzubilden, sind alle Inhalte des Lehrgangs in themenbezogene Module zusammengefasst. Eine \u00dcbersicht aller Module mit zugeh\u00f6rigen Lehrveranstaltungen finden Sie hier.<\/p>\n","protected":false},"author":11,"featured_media":0,"parent":10000047,"menu_order":13,"comment_status":"closed","ping_status":"closed","template":"","meta":{"_acf_changed":false,"footnotes":""},"acf":[],"aioseo_notices":[],"_links":{"self":[{"href":"https:\/\/www.fh-joanneum.at\/technische-dokumentation\/postgraduate\/wp-json\/wp\/v2\/pages\/10000051"}],"collection":[{"href":"https:\/\/www.fh-joanneum.at\/technische-dokumentation\/postgraduate\/wp-json\/wp\/v2\/pages"}],"about":[{"href":"https:\/\/www.fh-joanneum.at\/technische-dokumentation\/postgraduate\/wp-json\/wp\/v2\/types\/page"}],"author":[{"embeddable":true,"href":"https:\/\/www.fh-joanneum.at\/technische-dokumentation\/postgraduate\/wp-json\/wp\/v2\/users\/11"}],"replies":[{"embeddable":true,"href":"https:\/\/www.fh-joanneum.at\/technische-dokumentation\/postgraduate\/wp-json\/wp\/v2\/comments?post=10000051"}],"version-history":[{"count":2,"href":"https:\/\/www.fh-joanneum.at\/technische-dokumentation\/postgraduate\/wp-json\/wp\/v2\/pages\/10000051\/revisions"}],"predecessor-version":[{"id":10000328,"href":"https:\/\/www.fh-joanneum.at\/technische-dokumentation\/postgraduate\/wp-json\/wp\/v2\/pages\/10000051\/revisions\/10000328"}],"up":[{"embeddable":true,"href":"https:\/\/www.fh-joanneum.at\/technische-dokumentation\/postgraduate\/wp-json\/wp\/v2\/pages\/10000047"}],"wp:attachment":[{"href":"https:\/\/www.fh-joanneum.at\/technische-dokumentation\/postgraduate\/wp-json\/wp\/v2\/media?parent=10000051"}],"curies":[{"name":"wp","href":"https:\/\/api.w.org\/{rel}","templated":true}]}}