{"id":229,"date":"2024-08-30T08:16:02","date_gmt":"2024-08-30T08:16:02","guid":{"rendered":"https:\/\/www.fh-joanneum.at\/umweltmanagement\/bachelor\/?page_id=229"},"modified":"2024-09-02T08:42:20","modified_gmt":"2024-09-02T08:42:20","slug":"degree-programme","status":"publish","type":"page","link":"https:\/\/www.fh-joanneum.at\/umweltmanagement\/bachelor\/en\/my-studies\/degree-programme\/","title":{"rendered":"Degree Programme"},"content":{"rendered":"<div id=\"\" class=\"wp-block-text-content margin-bottom-normal\">\n    <div class=\"container-lg\">\n        <div class=\"row\">\n            <div class=\"col\">\n                <h3>What is Environmental Management?<\/h3>\n<h4><strong>Environmental management, energy systems, sustainable mobility<\/strong><\/h4>\n<p>Actively shape the living spaces of tomorrow: whether it&rsquo;s the energy transition, the mobility transition or the increased sustainability trend in companies &ndash; during your studies you will build up the necessary expertise to tackle these challenges in your day-to-day work. This programme is the right choice if you want to develop your skills at the interface between management and technology and climb the career ladder in the cutting-edge areas of the green transition. The Bachelor&rsquo;s degree programme covers topics ranging from resource management, change processes and renewable energy technologies to international logistics. On the industrial engineering degree programme, you will not only learn how to identify problems in these areas and analyse them at a technical level, but also develop solutions with a view to industry and society.<\/p>\n<h4>Keyfacts<\/h4>\n<ul>\n<li>Two interdisciplinary foundation semesters<\/li>\n<li>Start of specialisations from the 3rd semester<\/li>\n<li>Electives in the fields of environment, mobility and energy<\/li>\n<li>International excursion project week in the 4th semester<\/li>\n<li>Practical environmental, energy and mobility projects<\/li>\n<\/ul>\n<p>The interdisciplinary Bachelor&rsquo;s degree programme lays a broad foundation in two basic semesters, which is built upon in the specialisations from the 3rd semester onwards. A strong project focus combined with professional experience provides you with a unique interdisciplinary education to manage the green transition and present yourself professionally and competently. The professional fields after graduation range from environmental and sustainability officers, project management for renewable energy technologies, environmental or mobility projects to consulting work in the respective specialisations.<\/p>\n\n            <\/div>\n        <\/div>\n            <\/div>\n<\/div>\n\n\n<div\n    id=\"\"\n    class=\"wp-block-blockquote margin-bottom-normal\"\n>\n    <div class=\"container-lg\">\n        <div class=\"row\">\n            <div class=\"col\">\n                <div class=\"d-block mb-2 fs-5 major-text-color\">\u2018The degree programme is the ideal foundation for my job as a Climate Impact Specialist. I have acquired extensive knowledge in the areas of sustainability, energy efficiency, project management and business administration. I am confronted with tasks on a daily basis where the knowledge I learnt during my studies supports me. If you want to protect our planet with common sense and sustainability, this degree programme is just right for you.\u2019<\/div>\n                <span class=\"d-flex justify-content-end\">Thomas Steiner, BSc, Graduate, Climate Impact Specialist bei voestalpine High Performance Metals<\/span>\n            <\/div>\n        <\/div>\n    <\/div>\n<\/div>\n\n\n<div\n    id=\"\"\n    class=\"wp-block-image-slider margin-bottom-normal\"\n>\n    <div class=\"container-lg\">\n        <div class=\"row\">\n            <div class=\"col-12\">\n                <div class=\"swiper-outer-wrapper\">\n                    <div class=\"image-header\">\n                        <div class=\"swiper-navigation\">\n                            <div class=\"swiper-button-prev-custom\">\n                                <svg xmlns=\"http:\/\/www.w3.org\/2000\/svg\" width=\"9\" height=\"14\" viewBox=\"0 0 9 14\" fill=\"none\">\n  <path d=\"M8 13L2 7L8 1\" stroke=\"\" stroke-width=\"1.5\" stroke-linecap=\"round\"\/>\n<\/svg>                            <\/div>\n                            <div class=\"swiper-button-next-custom\">\n                                <svg xmlns=\"http:\/\/www.w3.org\/2000\/svg\" width=\"9\" height=\"14\" viewBox=\"0 0 9 14\" fill=\"none\">\n  <path d=\"M1 1L7 7L1 13\" stroke=\"\" stroke-width=\"1.5\" stroke-linecap=\"round\"\/>\n<\/svg>                            <\/div>\n                        <\/div>\n                    <\/div>\n                    <div class=\"swiper image-slider-swiper\">\n                        <div class=\"swiper-wrapper\">\n                                                                                                <div class=\"swiper-slide item\">\n                                        <picture>\n                        <source\n                media=\"(max-width: 576px)\"\n                srcset=\"https:\/\/cdn3.fh-joanneum.at\/media\/sites\/119\/2024\/08\/EMU_Image-c-FH-JOANNEUM-Fabian-Hasler-51-576x384.jpg, https:\/\/cdn3.fh-joanneum.at\/media\/sites\/119\/2024\/08\/EMU_Image-c-FH-JOANNEUM-Fabian-Hasler-51-768x512.jpg 2x\"\n            \/>\n                    <source\n                media=\"(max-width: 768px)\"\n                srcset=\"https:\/\/cdn3.fh-joanneum.at\/media\/sites\/119\/2024\/08\/EMU_Image-c-FH-JOANNEUM-Fabian-Hasler-51-768x512.jpg, https:\/\/cdn3.fh-joanneum.at\/media\/sites\/119\/2024\/08\/EMU_Image-c-FH-JOANNEUM-Fabian-Hasler-51-1024x683.jpg 2x\"\n            \/>\n                    <source\n                media=\"(max-width: 1024px)\"\n                srcset=\"https:\/\/cdn3.fh-joanneum.at\/media\/sites\/119\/2024\/08\/EMU_Image-c-FH-JOANNEUM-Fabian-Hasler-51-1024x683.jpg, https:\/\/cdn3.fh-joanneum.at\/media\/sites\/119\/2024\/08\/EMU_Image-c-FH-JOANNEUM-Fabian-Hasler-51.jpg 2x\"\n            \/>\n                    <source\n                media=\"(max-width: 1500px)\"\n                srcset=\"https:\/\/cdn3.fh-joanneum.at\/media\/sites\/119\/2024\/08\/EMU_Image-c-FH-JOANNEUM-Fabian-Hasler-51.jpg, https:\/\/cdn3.fh-joanneum.at\/media\/sites\/119\/2024\/08\/EMU_Image-c-FH-JOANNEUM-Fabian-Hasler-51.jpg 2x\"\n            \/>\n                    <source\n                media=\"(max-width: 1500px)\"\n                srcset=\"https:\/\/cdn3.fh-joanneum.at\/media\/sites\/119\/2024\/08\/EMU_Image-c-FH-JOANNEUM-Fabian-Hasler-51.jpg, https:\/\/cdn3.fh-joanneum.at\/media\/sites\/119\/2024\/08\/EMU_Image-c-FH-JOANNEUM-Fabian-Hasler-51.jpg 2x\"\n            \/>\n                <img decoding=\"async\"\n        class=\"img-fluid\"\n        src=\"https:\/\/cdn3.fh-joanneum.at\/media\/sites\/119\/2024\/08\/EMU_Image-c-FH-JOANNEUM-Fabian-Hasler-51.jpg\"\n        alt=\"\"\n        title=\"\"\n         loading=\"lazy\"             >\n<\/picture>\n\n                                                                            <\/div>\n                                                                    <div class=\"swiper-slide item\">\n                                        <picture>\n                        <source\n                media=\"(max-width: 576px)\"\n                srcset=\"https:\/\/cdn3.fh-joanneum.at\/media\/sites\/119\/2024\/08\/EMU_EVU_Imagefotos_Sept_21-197-576x384.jpg, https:\/\/cdn3.fh-joanneum.at\/media\/sites\/119\/2024\/08\/EMU_EVU_Imagefotos_Sept_21-197-768x512.jpg 2x\"\n            \/>\n                    <source\n                media=\"(max-width: 768px)\"\n                srcset=\"https:\/\/cdn3.fh-joanneum.at\/media\/sites\/119\/2024\/08\/EMU_EVU_Imagefotos_Sept_21-197-768x512.jpg, https:\/\/cdn3.fh-joanneum.at\/media\/sites\/119\/2024\/08\/EMU_EVU_Imagefotos_Sept_21-197-1024x683.jpg 2x\"\n            \/>\n                    <source\n                media=\"(max-width: 1024px)\"\n                srcset=\"https:\/\/cdn3.fh-joanneum.at\/media\/sites\/119\/2024\/08\/EMU_EVU_Imagefotos_Sept_21-197-1024x683.jpg, https:\/\/cdn3.fh-joanneum.at\/media\/sites\/119\/2024\/08\/EMU_EVU_Imagefotos_Sept_21-197.jpg 2x\"\n            \/>\n                    <source\n                media=\"(max-width: 1500px)\"\n                srcset=\"https:\/\/cdn3.fh-joanneum.at\/media\/sites\/119\/2024\/08\/EMU_EVU_Imagefotos_Sept_21-197.jpg, https:\/\/cdn3.fh-joanneum.at\/media\/sites\/119\/2024\/08\/EMU_EVU_Imagefotos_Sept_21-197.jpg 2x\"\n            \/>\n                    <source\n                media=\"(max-width: 1500px)\"\n                srcset=\"https:\/\/cdn3.fh-joanneum.at\/media\/sites\/119\/2024\/08\/EMU_EVU_Imagefotos_Sept_21-197.jpg, https:\/\/cdn3.fh-joanneum.at\/media\/sites\/119\/2024\/08\/EMU_EVU_Imagefotos_Sept_21-197.jpg 2x\"\n            \/>\n                <img decoding=\"async\"\n        class=\"img-fluid\"\n        src=\"https:\/\/cdn3.fh-joanneum.at\/media\/sites\/119\/2024\/08\/EMU_EVU_Imagefotos_Sept_21-197.jpg\"\n        alt=\"\"\n        title=\"\"\n         loading=\"lazy\"             >\n<\/picture>\n\n                                                                            <\/div>\n                                                                    <div class=\"swiper-slide item\">\n                                        <picture>\n                        <source\n                media=\"(max-width: 576px)\"\n                srcset=\"https:\/\/cdn3.fh-joanneum.at\/media\/sites\/119\/2024\/08\/EMU_Image-c-FH-JOANNEUM-Fabian-Hasler-24-576x384.jpg, https:\/\/cdn3.fh-joanneum.at\/media\/sites\/119\/2024\/08\/EMU_Image-c-FH-JOANNEUM-Fabian-Hasler-24-768x512.jpg 2x\"\n            \/>\n                    <source\n                media=\"(max-width: 768px)\"\n                srcset=\"https:\/\/cdn3.fh-joanneum.at\/media\/sites\/119\/2024\/08\/EMU_Image-c-FH-JOANNEUM-Fabian-Hasler-24-768x512.jpg, https:\/\/cdn3.fh-joanneum.at\/media\/sites\/119\/2024\/08\/EMU_Image-c-FH-JOANNEUM-Fabian-Hasler-24-1024x683.jpg 2x\"\n            \/>\n                    <source\n                media=\"(max-width: 1024px)\"\n                srcset=\"https:\/\/cdn3.fh-joanneum.at\/media\/sites\/119\/2024\/08\/EMU_Image-c-FH-JOANNEUM-Fabian-Hasler-24-1024x683.jpg, https:\/\/cdn3.fh-joanneum.at\/media\/sites\/119\/2024\/08\/EMU_Image-c-FH-JOANNEUM-Fabian-Hasler-24.jpg 2x\"\n            \/>\n                    <source\n                media=\"(max-width: 1500px)\"\n                srcset=\"https:\/\/cdn3.fh-joanneum.at\/media\/sites\/119\/2024\/08\/EMU_Image-c-FH-JOANNEUM-Fabian-Hasler-24.jpg, https:\/\/cdn3.fh-joanneum.at\/media\/sites\/119\/2024\/08\/EMU_Image-c-FH-JOANNEUM-Fabian-Hasler-24.jpg 2x\"\n            \/>\n                    <source\n                media=\"(max-width: 1500px)\"\n                srcset=\"https:\/\/cdn3.fh-joanneum.at\/media\/sites\/119\/2024\/08\/EMU_Image-c-FH-JOANNEUM-Fabian-Hasler-24.jpg, https:\/\/cdn3.fh-joanneum.at\/media\/sites\/119\/2024\/08\/EMU_Image-c-FH-JOANNEUM-Fabian-Hasler-24.jpg 2x\"\n            \/>\n                <img decoding=\"async\"\n        class=\"img-fluid\"\n        src=\"https:\/\/cdn3.fh-joanneum.at\/media\/sites\/119\/2024\/08\/EMU_Image-c-FH-JOANNEUM-Fabian-Hasler-24.jpg\"\n        alt=\"\"\n        title=\"\"\n         loading=\"lazy\"             >\n<\/picture>\n\n                                                                            <\/div>\n                                                                    <div class=\"swiper-slide item\">\n                                        <picture>\n                        <source\n                media=\"(max-width: 576px)\"\n                srcset=\"https:\/\/cdn3.fh-joanneum.at\/media\/sites\/119\/2024\/08\/EMU_Image-c-FH-JOANNEUM-Fabian-Hasler-21-576x384.jpg, https:\/\/cdn3.fh-joanneum.at\/media\/sites\/119\/2024\/08\/EMU_Image-c-FH-JOANNEUM-Fabian-Hasler-21-768x512.jpg 2x\"\n            \/>\n                    <source\n                media=\"(max-width: 768px)\"\n                srcset=\"https:\/\/cdn3.fh-joanneum.at\/media\/sites\/119\/2024\/08\/EMU_Image-c-FH-JOANNEUM-Fabian-Hasler-21-768x512.jpg, https:\/\/cdn3.fh-joanneum.at\/media\/sites\/119\/2024\/08\/EMU_Image-c-FH-JOANNEUM-Fabian-Hasler-21-1024x683.jpg 2x\"\n            \/>\n                    <source\n                media=\"(max-width: 1024px)\"\n                srcset=\"https:\/\/cdn3.fh-joanneum.at\/media\/sites\/119\/2024\/08\/EMU_Image-c-FH-JOANNEUM-Fabian-Hasler-21-1024x683.jpg, https:\/\/cdn3.fh-joanneum.at\/media\/sites\/119\/2024\/08\/EMU_Image-c-FH-JOANNEUM-Fabian-Hasler-21.jpg 2x\"\n            \/>\n                    <source\n                media=\"(max-width: 1500px)\"\n                srcset=\"https:\/\/cdn3.fh-joanneum.at\/media\/sites\/119\/2024\/08\/EMU_Image-c-FH-JOANNEUM-Fabian-Hasler-21.jpg, https:\/\/cdn3.fh-joanneum.at\/media\/sites\/119\/2024\/08\/EMU_Image-c-FH-JOANNEUM-Fabian-Hasler-21.jpg 2x\"\n            \/>\n                    <source\n                media=\"(max-width: 1500px)\"\n                srcset=\"https:\/\/cdn3.fh-joanneum.at\/media\/sites\/119\/2024\/08\/EMU_Image-c-FH-JOANNEUM-Fabian-Hasler-21.jpg, https:\/\/cdn3.fh-joanneum.at\/media\/sites\/119\/2024\/08\/EMU_Image-c-FH-JOANNEUM-Fabian-Hasler-21.jpg 2x\"\n            \/>\n                <img decoding=\"async\"\n        class=\"img-fluid\"\n        src=\"https:\/\/cdn3.fh-joanneum.at\/media\/sites\/119\/2024\/08\/EMU_Image-c-FH-JOANNEUM-Fabian-Hasler-21.jpg\"\n        alt=\"\"\n        title=\"\"\n         loading=\"lazy\"             >\n<\/picture>\n\n                                                                            <\/div>\n                                                                                    <\/div>\n                    <\/div>\n\n                    <div class=\"swiper-navigation-pagination\">\n                        <div class=\"swiper-button-prev-custom\">\n                            <svg xmlns=\"http:\/\/www.w3.org\/2000\/svg\" width=\"9\" height=\"14\" viewBox=\"0 0 9 14\" fill=\"none\">\n  <path d=\"M8 13L2 7L8 1\" stroke=\"\" stroke-width=\"1.5\" stroke-linecap=\"round\"\/>\n<\/svg>                        <\/div>\n                        <div class=\"swiper-pagination\"><\/div>\n                        <div class=\"swiper-button-next-custom\">\n                            <svg xmlns=\"http:\/\/www.w3.org\/2000\/svg\" width=\"9\" height=\"14\" viewBox=\"0 0 9 14\" fill=\"none\">\n  <path d=\"M1 1L7 7L1 13\" stroke=\"\" stroke-width=\"1.5\" stroke-linecap=\"round\"\/>\n<\/svg>                        <\/div>\n                    <\/div>\n                <\/div>\n            <\/div>\n        <\/div>\n    <\/div>\n<\/div>\n\n\n<div\n    id=\"\"\n    class=\"wp-block-blockquote margin-bottom-normal\"\n>\n    <div class=\"container-lg\">\n        <div class=\"row\">\n            <div class=\"col\">\n                <div class=\"d-block mb-2 fs-5 major-text-color\">\u2018The Bachelor&#8217;s degree programme is in tune with the times and prepares students perfectly for the job market with its focus on topics such as energy and mobility, but above all the environment. What I personally have always really liked is the combination of technology and management. Training as an industrial engineer is a big plus point for the degree programme and, of course, the large proportion of practical activities.\u2019<\/div>\n                <span class=\"d-flex justify-content-end\">Thomas K\u00f6nigshofer, BSc MSc, Graduate, auditor for energy certifications and expert in the field of environmental measurement technology at T\u00dcV S\u00dcD Landesgesellschaft \u00d6sterreich GmbH<\/span>\n            <\/div>\n        <\/div>\n    <\/div>\n<\/div>\n\n\n<div id=\"\" class=\"wp-block-text-content margin-bottom-normal\">\n    <div class=\"container-lg\">\n        <div class=\"row\">\n            <div class=\"col\">\n                <h3>What will I learn on the programme?<\/h3>\n<p>The part-time Bachelor&rsquo;s degree programme in Environmental Management builds up a broad knowledge base in the first two semesters. From the 3rd semester onwards, students can specialise further in one of the fields of environment, energy or mobility:<\/p>\n<h4>Your advantage on the job: Sustainable environmental management<\/h4>\n<p>Modern environmental management is a key issue for companies of all sizes and from all sectors &ndash; from start-ups to large corporations. In order to achieve national and international climate targets, it is important to monitor emissions, recognise environmental pollution and operate a serious circular economy. Particularly in an operational context, companies must regularly deal with new requirements from politicians, consumers and other stakeholders and act proactively in order to remain competitive. During your studies, you will acquire the necessary expertise to master these challenges of the coming decades.<\/p>\n\n            <\/div>\n        <\/div>\n            <\/div>\n<\/div>\n\n\n<!-- TODO:\n      Short Code und Cookie Notice anpassen\n      Barrierefreiheit Texte\n-->\n<div\n    id=\"\"\n    class=\"wp-block-video margin-bottom-normal\"\n>\n    <div class=\"container-lg\">\n        <div class=\"row\">\n            <div class=\"col\">\n\n                                    <div class='embed-container'> <div class=\"brlbs-cmpnt-container brlbs-cmpnt-content-blocker\" data-borlabs-cookie-content-blocker-id=\"youtube-content-blocker\" data-borlabs-cookie-content=\"PGlmcmFtZSBpZD0ndmlkZW8nIHNyYz0nLy93d3cueW91dHViZS5jb20vZW1iZWQveTFfeTdqbUd4WXc\/cmVsPTAmY29udHJvbHM9MCZzaG93aW5mbz0wJmVuYWJsZWpzYXBpPTEmbW9kZXN0YnJhbmRpbmc9MScgZnJhbWVib3JkZXI9JzAnIGFsbG93ZnVsbHNjcmVlbj48L2lmcmFtZT4=\" ><div class=\"brlbs-cmpnt-cb-preset-b\"> <div class=\"brlbs-cmpnt-cb-thumbnail\" style=\"background-image: url('https:\/\/cdn.fh-joanneum.at\/media\/2021\/02\/conversory-fh-joanneum-video-overlay-bg.jpg')\"><\/div> <div class=\"brlbs-cmpnt-cb-main\"> <div class=\"brlbs-cmpnt-cb-content\"> <h4 class=\"brlbs-cmpnt-cb-description\">To access the youtube video, click the button below. Please note that doing so will share data with third-party providers.<\/h4> <\/div> <div class=\"brlbs-cmpnt-cb-buttons\"> <a class=\"brlbs-cmpnt-cb-btn\" href=\"#\" data-borlabs-cookie-accept-service role=\"button\" style=\"display: inherit\">Accept required service and unblock video<\/a> <\/div> <\/div> <\/div><\/div><\/div>                            <\/div>\n        <\/div>\n    <\/div>\n<\/div>\n\n\n<div\n    id=\"\"\n    class=\"wp-block-tipp-box margin-bottom-normal\"\n>\n    <div class=\"container-lg\">\n        <div class=\"row\">\n            <div class=\"col\">\n                <div class=\"tipp-box border border-warning\">\n                    <div class=\"tipp-box-inner p-2 p-md-3\">\n                        <h4 class=\"\">Tip<\/h4>\n                        <p>Additional training is particularly important in everyday working life: As part of the degree programme, there is the opportunity to complete certified additional training to become a waste or environmental officer. Experts in modern environmental and waste management are in high demand in various industries, but also in administration.<\/p>\n\n                    <\/div>\n                <\/div>\n            <\/div>\n        <\/div>\n    <\/div>\n<\/div>\n\n\n<div id=\"\" class=\"wp-block-text-content margin-bottom-normal\">\n    <div class=\"container-lg\">\n        <div class=\"row\">\n            <div class=\"col\">\n                <h4>Energy systems with a future<\/h4>\n<p>The energy requirements of companies and communities are constantly growing. We therefore need modern and innovative energy concepts for the sustainable production, distribution and storage of this energy. As part of your degree programme, you will learn about the latest concepts in this specialist area in a practice-oriented way in the <a href=\"https:\/\/www.fh-joanneum.at\/en\/labor\/energy-analytics-solution-lab\/\" target=\"_blank\" rel=\"noopener\">Energy Analytics and Solution Lab<\/a> from the first semester onwards. In lectures such as Energy Technologies or Energy System Planning, you will learn about the energy supply of the future from a technological, economic and social perspective. In order to meet the requirements of industry, we also train you in the areas of industrial energy efficiency, storage technologies and energy management.<\/p>\n\n            <\/div>\n        <\/div>\n            <\/div>\n<\/div>\n\n\n<!-- TODO:\n      Short Code und Cookie Notice anpassen\n      Barrierefreiheit Texte\n-->\n<div\n    id=\"\"\n    class=\"wp-block-video margin-bottom-normal\"\n>\n    <div class=\"container-lg\">\n        <div class=\"row\">\n            <div class=\"col\">\n\n                                    <div class='embed-container'> <div class=\"brlbs-cmpnt-container brlbs-cmpnt-content-blocker\" data-borlabs-cookie-content-blocker-id=\"youtube-content-blocker\" data-borlabs-cookie-content=\"PGlmcmFtZSBpZD0ndmlkZW8nIHNyYz0nLy93d3cueW91dHViZS5jb20vZW1iZWQvTHZQbEZVWURfaXc\/cmVsPTAmY29udHJvbHM9MCZzaG93aW5mbz0wJmVuYWJsZWpzYXBpPTEmbW9kZXN0YnJhbmRpbmc9MScgZnJhbWVib3JkZXI9JzAnIGFsbG93ZnVsbHNjcmVlbj48L2lmcmFtZT4=\" ><div class=\"brlbs-cmpnt-cb-preset-b\"> <div class=\"brlbs-cmpnt-cb-thumbnail\" style=\"background-image: url('https:\/\/cdn.fh-joanneum.at\/media\/2021\/02\/conversory-fh-joanneum-video-overlay-bg.jpg')\"><\/div> <div class=\"brlbs-cmpnt-cb-main\"> <div class=\"brlbs-cmpnt-cb-content\"> <h4 class=\"brlbs-cmpnt-cb-description\">To access the youtube video, click the button below. Please note that doing so will share data with third-party providers.<\/h4> <\/div> <div class=\"brlbs-cmpnt-cb-buttons\"> <a class=\"brlbs-cmpnt-cb-btn\" href=\"#\" data-borlabs-cookie-accept-service role=\"button\" style=\"display: inherit\">Accept required service and unblock video<\/a> <\/div> <\/div> <\/div><\/div><\/div>                            <\/div>\n        <\/div>\n    <\/div>\n<\/div>\n\n\n<div id=\"\" class=\"wp-block-text-content margin-bottom-normal\">\n    <div class=\"container-lg\">\n        <div class=\"row\">\n            <div class=\"col\">\n                <h4>Bringing modern mobility to the road<\/h4>\n<p>The mobility of the future will not only take place on the roads: whether by rail, in the air or on the world&rsquo;s oceans &ndash; the effects of climate change are increasing the demands on our mobility systems. In companies, but also in urban centres, everything will revolve around the topics of &lsquo;last mile&rsquo;, &lsquo;intelligent mobility&rsquo; and the reduction of environmental pollution in the coming years. As part of the programme, you will learn about strategies for a mobility turnaround. We provide you with the necessary tools for analysing and planning modern mobility systems and logistics concepts. In order to be at the cutting edge of technology, you will also deal with smart cities, infrastructure design and planning and innovative mobility solutions, such as e-mobility, autonomous driving and soft mobility.<\/p>\n\n            <\/div>\n        <\/div>\n            <\/div>\n<\/div>\n\n\n\n\n<div id=\"\" class=\"wp-block-text-content margin-bottom-normal\">\n    <div class=\"container-lg\">\n        <div class=\"row\">\n            <div class=\"col\">\n                <h4>Expertise for project managers<\/h4>\n<p>Professional development requires not only specialised knowledge, but also the ability to deal with a wide range of topics and work on cross-departmental projects. The degree programme therefore builds up relevant business management expertise so that graduates can present themselves well on any stage. During the programme, you will learn essential skills in the areas of project management, communication and conflict management. Courses such as Business Management and Leadership, Management Systems and Mediation in Projects provide you with the necessary expertise to present yourself confidently in everyday working life.<\/p>\n\n            <\/div>\n        <\/div>\n            <\/div>\n<\/div>\n","protected":false},"excerpt":{"rendered":"<p>We provide extensive and academically sound training that creates the foundation for your professional future. Here you can find out about the general content, specialist topics and focal points of the courses.<\/p>\n","protected":false},"author":143,"featured_media":0,"parent":14,"menu_order":10,"comment_status":"closed","ping_status":"closed","template":"","meta":{"_acf_changed":false,"footnotes":""},"acf":[],"aioseo_notices":[],"_links":{"self":[{"href":"https:\/\/www.fh-joanneum.at\/umweltmanagement\/bachelor\/en\/wp-json\/wp\/v2\/pages\/229"}],"collection":[{"href":"https:\/\/www.fh-joanneum.at\/umweltmanagement\/bachelor\/en\/wp-json\/wp\/v2\/pages"}],"about":[{"href":"https:\/\/www.fh-joanneum.at\/umweltmanagement\/bachelor\/en\/wp-json\/wp\/v2\/types\/page"}],"author":[{"embeddable":true,"href":"https:\/\/www.fh-joanneum.at\/umweltmanagement\/bachelor\/en\/wp-json\/wp\/v2\/users\/143"}],"replies":[{"embeddable":true,"href":"https:\/\/www.fh-joanneum.at\/umweltmanagement\/bachelor\/en\/wp-json\/wp\/v2\/comments?post=229"}],"version-history":[{"count":1,"href":"https:\/\/www.fh-joanneum.at\/umweltmanagement\/bachelor\/en\/wp-json\/wp\/v2\/pages\/229\/revisions"}],"predecessor-version":[{"id":230,"href":"https:\/\/www.fh-joanneum.at\/umweltmanagement\/bachelor\/en\/wp-json\/wp\/v2\/pages\/229\/revisions\/230"}],"up":[{"embeddable":true,"href":"https:\/\/www.fh-joanneum.at\/umweltmanagement\/bachelor\/en\/wp-json\/wp\/v2\/pages\/14"}],"wp:attachment":[{"href":"https:\/\/www.fh-joanneum.at\/umweltmanagement\/bachelor\/en\/wp-json\/wp\/v2\/media?parent=229"}],"curies":[{"name":"wp","href":"https:\/\/api.w.org\/{rel}","templated":true}]}}