{"id":171,"date":"2024-08-30T10:58:16","date_gmt":"2024-08-30T10:58:16","guid":{"rendered":"https:\/\/www.fh-joanneum.at\/umweltmanagement\/bachelor\/?page_id=171"},"modified":"2024-08-30T10:58:18","modified_gmt":"2024-08-30T10:58:18","slug":"studienabschluss","status":"publish","type":"page","link":"https:\/\/www.fh-joanneum.at\/umweltmanagement\/bachelor\/im-studium\/studienabschluss\/","title":{"rendered":"Studienabschluss"},"content":{"rendered":"<div id=\"\" class=\"wp-block-text-content margin-bottom-normal\">\n    <div class=\"container-lg\">\n        <div class=\"row\">\n            <div class=\"col\">\n                <h3>Voraussetzungen f&uuml;r den Studienabschluss<\/h3>\n<p>Um das Bachelorstudium &bdquo;Umweltmanagement&ldquo; erfolgreich abzuschlie&szlig;en, m&uuml;ssen Sie:<\/p>\n<ul>\n<li>alle Lehrveranstaltungen und Praktika positiv absolvieren<\/li>\n<li>eine Bachelorarbeit verfassen, die positiv bewertet werden muss<\/li>\n<li>die Bachelorpr&uuml;fung positiv ablegen.<\/li>\n<\/ul>\n<p>Sie schlie&szlig;en Ihr Studium mit dem Titel &bdquo;Bachelor of Science in Engineering (BSc)&ldquo; ab.<\/p>\n<p>&nbsp;<\/p>\n<h3>Bachelorarbeit<\/h3>\n<p>Als Abschluss des Studiums m&uuml;ssen unsere Studierenden eine Bachelorarbeit verfassen. Im Rahmen der Abschlussarbeit wird ein wissenschaftliches, studiengangbezogenes Thema behandelt. Dabei k&ouml;nnen die Studierenden beispielsweise eine ausf&uuml;hrliche Literaturrecherche zu einem bestimmten Thema durchf&uuml;hren oder eine praktische Arbeit in Zusammenarbeit mit ihrem Unternehmen erstellen. Das Thema der Bachelorarbeit k&ouml;nnen sie selbst ausw&auml;hlen bzw. in Kooperation mit einem Unternehmen ausarbeiten.<\/p>\n<p>Die M&ouml;glichkeiten sind sehr vielf&auml;ltig: Unsere Studierenden k&ouml;nnen zum Beispiel Umwelt- und Nachhaltigkeitskonzepte erstellen, Mobilit&auml;tsstr&ouml;me erheben oder Konzepte zur Verbesserung der Energieeffizienz oder der Logistik erarbeiten. Auch Marktanalysen und wirtschaftliche Betrachtungen sind im Rahmen der Bachelorarbeit m&ouml;glich.<\/p>\n<p>Die Bachelorarbeit muss den Vorgaben des wissenschaftlichen Arbeitens des Studiengangs entsprechen.<\/p>\n<h3>Bachelorpr&uuml;fung<\/h3>\n<p>Nach dem positiven Abschluss aller sechs Semester findet die Bachelorpr&uuml;fung statt. Den Pr&uuml;fungsvorsitz hat die Studiengangsleitung inne. In der Kommission sitzt &uuml;berdies eine Lehrende beziehungsweise ein Lehrender sowie die Betreuerin oder der Betreuer der Bachelorarbeit.<\/p>\n<p>Die Studierenden stellen zuerst ihre erste Bachelorarbeit mittels einer Pr&auml;sentation vor. Im Anschluss daran werden von der Kommission Fragen zur Arbeit und zu anderen relevanten Inhalten aus dem Studium und Querverbindungen zur Abschlussarbeit gestellt. Dabei wird die F&auml;higkeit &uuml;berpr&uuml;ft, f&auml;cher&uuml;bergreifende Aufgabenstellungen zu l&ouml;sen.<\/p>\n<p>&nbsp;<\/p>\n<h3>Nach dem Bachelorabschluss<\/h3>\n<p>Nach dem Bachelorabschluss k&ouml;nnen sich Studierenden weiter in drei verschiedenen Masterprogrammen vertiefen. Das Institut bietet die englischen Master-Programme <a href=\"https:\/\/www.fh-joanneum.at\/energy-technologies\/master\/\" target=\"_blank\" rel=\"noopener\">&bdquo;Energy Technologies&ldquo;<\/a>, <a href=\"https:\/\/www.fh-joanneum.at\/mobility-technologies\/master\/\" target=\"_blank\" rel=\"noopener\">&bdquo;Mobility Technologies&ldquo;<\/a> oder &bdquo;European Green Transformation&ldquo; an. Das internationale Angebot bietet die M&ouml;glichkeit zum Networking mit Studierenden aus aller Welt und den Einstieg in den internationalen Jobmarkt.<\/p>\n<p>Unsere Absolvent:innen k&ouml;nnen nat&uuml;rlich auch weitere Masterstudieng&auml;nge an der FH JOANNEUM sowie an anderen in- und ausl&auml;ndischen Hochschulen besuchen.<\/p>\n<p>Selbstverst&auml;ndlich k&ouml;nnen Sie nach Ihrem Abschluss auch direkt wieder ins Berufsleben einsteigen und Ihr erlerntes Wissen in der Praxis umsetzen.<\/p>\n\n            <\/div>\n        <\/div>\n            <\/div>\n<\/div>\n","protected":false},"excerpt":{"rendered":"<p>Mit Ihrem Abschluss legen Sie den Grundstein f\u00fcr Ihre berufliche Zukunft. Welche Voraussetzungen Sie f\u00fcr den erfolgreichen Abschluss Ihres Studiums ben\u00f6tigen und alles, was Sie sonst noch wissen sollten, verraten wir Ihnen hier.<\/p>\n","protected":false},"author":143,"featured_media":0,"parent":8,"menu_order":70,"comment_status":"closed","ping_status":"closed","template":"","meta":{"_acf_changed":false,"footnotes":""},"acf":[],"aioseo_notices":[],"_links":{"self":[{"href":"https:\/\/www.fh-joanneum.at\/umweltmanagement\/bachelor\/wp-json\/wp\/v2\/pages\/171"}],"collection":[{"href":"https:\/\/www.fh-joanneum.at\/umweltmanagement\/bachelor\/wp-json\/wp\/v2\/pages"}],"about":[{"href":"https:\/\/www.fh-joanneum.at\/umweltmanagement\/bachelor\/wp-json\/wp\/v2\/types\/page"}],"author":[{"embeddable":true,"href":"https:\/\/www.fh-joanneum.at\/umweltmanagement\/bachelor\/wp-json\/wp\/v2\/users\/143"}],"replies":[{"embeddable":true,"href":"https:\/\/www.fh-joanneum.at\/umweltmanagement\/bachelor\/wp-json\/wp\/v2\/comments?post=171"}],"version-history":[{"count":1,"href":"https:\/\/www.fh-joanneum.at\/umweltmanagement\/bachelor\/wp-json\/wp\/v2\/pages\/171\/revisions"}],"predecessor-version":[{"id":172,"href":"https:\/\/www.fh-joanneum.at\/umweltmanagement\/bachelor\/wp-json\/wp\/v2\/pages\/171\/revisions\/172"}],"up":[{"embeddable":true,"href":"https:\/\/www.fh-joanneum.at\/umweltmanagement\/bachelor\/wp-json\/wp\/v2\/pages\/8"}],"wp:attachment":[{"href":"https:\/\/www.fh-joanneum.at\/umweltmanagement\/bachelor\/wp-json\/wp\/v2\/media?parent=171"}],"curies":[{"name":"wp","href":"https:\/\/api.w.org\/{rel}","templated":true}]}}