{"id":71,"date":"2024-08-30T09:28:16","date_gmt":"2024-08-30T09:28:16","guid":{"rendered":"https:\/\/www.fh-joanneum.at\/umweltmanagement\/bachelor\/?page_id=71"},"modified":"2024-08-30T09:28:17","modified_gmt":"2024-08-30T09:28:17","slug":"praxisprojekte","status":"publish","type":"page","link":"https:\/\/www.fh-joanneum.at\/umweltmanagement\/bachelor\/im-studium\/praxisprojekte\/","title":{"rendered":"Praxisprojekte"},"content":{"rendered":"<div id=\"\" class=\"wp-block-text-content margin-bottom-normal\">\n    <div class=\"container-lg\">\n        <div class=\"row\">\n            <div class=\"col\">\n                <h3>Praxisprojekte im Studium<\/h3>\n<p>Praxisprojekte, Exkursionen und praktisch angewandte Lehreinheiten sind wesentlicher Bestandteil des berufsbegleitenden Studiums. Studierende tauchen bereits ab dem 1. Semester im Rahmen von Labs und kleinen Projekten in die Fachbereiche ein und k&ouml;nnen von Anfang an Ihre berufliche Praxis mit den Vorlesungsthemen verkn&uuml;pfen. Externe Lehrende, Projektpartner, aber auch Studierende k&ouml;nnen Anst&ouml;&szlig;e f&uuml;r aktuelle f&uuml;r Praxisprojekte und Diskussionen geben. Studierende werden ermutigt, Fragestellungen aus Ihrem Berufsalltag mit in Labore oder &Uuml;bungen zu bringen.<\/p>\n<p>Das Institut Energie-, Verkehrs- und Umweltmanagement bietet besonders interessierten Studierenden auch die M&ouml;glichkeit, an aktuellen Forschungsprojekten am Institut mitzuarbeiten.<\/p>\n<p>&nbsp;<\/p>\n<h4>Exkursionswochen: Das Fenster zur internationalen Fachwelt<\/h4>\n<p>Exkursionen im Rahmen von Exkursionstagen in den ersten beiden Semestern und Exkursionswochen im 3. und 4. Semester des Studiums lassen Sie in eine neue fachliche Welt eintauchen. Ziel der praktischen Lehreinheiten &bdquo;on the road&ldquo; ist es, verschiedene Bereiche in gro&szlig;en Konzernen oder Infrastrukturanlagen kennen zu lernen, die man als Privatperson nicht zu sehen bekommt. Au&szlig;erdem lernen Sie im Rahmen der internationalen Exkursionswoche andere Lebenswelten und Interpretationen von &bdquo;Umweltschutz&ldquo;, &bdquo;erneuerbarer Energie&ldquo; und &bdquo;Mobilit&auml;tswende&ldquo; kennen. Ob Fahrradautobahnen in den Niederlanden oder Offshore-Windparks an der K&uuml;ste, die Exkursionen er&ouml;ffnen einen komplett neuen Blickwinkel auf Herausforderungen in den Fachbereichen.<\/p>\n\n            <\/div>\n        <\/div>\n            <\/div>\n<\/div>\n\n\n<div\n    id=\"\"\n    class=\"wp-block-image-slider margin-bottom-normal\"\n>\n    <div class=\"container-lg\">\n        <div class=\"row\">\n            <div class=\"col-12\">\n                <div class=\"swiper-outer-wrapper\">\n                    <div class=\"image-header\">\n                        <div class=\"swiper-navigation\">\n                            <div class=\"swiper-button-prev-custom\">\n                                <svg xmlns=\"http:\/\/www.w3.org\/2000\/svg\" width=\"9\" height=\"14\" viewBox=\"0 0 9 14\" fill=\"none\">\n  <path d=\"M8 13L2 7L8 1\" stroke=\"\" stroke-width=\"1.5\" stroke-linecap=\"round\"\/>\n<\/svg>                            <\/div>\n                            <div class=\"swiper-button-next-custom\">\n                                <svg xmlns=\"http:\/\/www.w3.org\/2000\/svg\" width=\"9\" height=\"14\" viewBox=\"0 0 9 14\" fill=\"none\">\n  <path d=\"M1 1L7 7L1 13\" stroke=\"\" stroke-width=\"1.5\" stroke-linecap=\"round\"\/>\n<\/svg>                            <\/div>\n                        <\/div>\n                    <\/div>\n                    <div class=\"swiper image-slider-swiper\">\n                        <div class=\"swiper-wrapper\">\n                                                                                                <div class=\"swiper-slide item\">\n                                        <picture>\n                        <source\n                media=\"(max-width: 576px)\"\n                srcset=\"https:\/\/cdn3.fh-joanneum.at\/media\/sites\/119\/2024\/08\/Mobility-Exkursion_NL_2022_FHJ-576x384.jpg, https:\/\/cdn3.fh-joanneum.at\/media\/sites\/119\/2024\/08\/Mobility-Exkursion_NL_2022_FHJ-768x512.jpg 2x\"\n            \/>\n                    <source\n                media=\"(max-width: 768px)\"\n                srcset=\"https:\/\/cdn3.fh-joanneum.at\/media\/sites\/119\/2024\/08\/Mobility-Exkursion_NL_2022_FHJ-768x512.jpg, https:\/\/cdn3.fh-joanneum.at\/media\/sites\/119\/2024\/08\/Mobility-Exkursion_NL_2022_FHJ-1024x683.jpg 2x\"\n            \/>\n                    <source\n                media=\"(max-width: 1024px)\"\n                srcset=\"https:\/\/cdn3.fh-joanneum.at\/media\/sites\/119\/2024\/08\/Mobility-Exkursion_NL_2022_FHJ-1024x683.jpg, https:\/\/cdn3.fh-joanneum.at\/media\/sites\/119\/2024\/08\/Mobility-Exkursion_NL_2022_FHJ.jpg 2x\"\n            \/>\n                    <source\n                media=\"(max-width: 1500px)\"\n                srcset=\"https:\/\/cdn3.fh-joanneum.at\/media\/sites\/119\/2024\/08\/Mobility-Exkursion_NL_2022_FHJ.jpg, https:\/\/cdn3.fh-joanneum.at\/media\/sites\/119\/2024\/08\/Mobility-Exkursion_NL_2022_FHJ.jpg 2x\"\n            \/>\n                    <source\n                media=\"(max-width: 1500px)\"\n                srcset=\"https:\/\/cdn3.fh-joanneum.at\/media\/sites\/119\/2024\/08\/Mobility-Exkursion_NL_2022_FHJ.jpg, https:\/\/cdn3.fh-joanneum.at\/media\/sites\/119\/2024\/08\/Mobility-Exkursion_NL_2022_FHJ.jpg 2x\"\n            \/>\n                <img decoding=\"async\"\n        class=\"img-fluid\"\n        src=\"https:\/\/cdn3.fh-joanneum.at\/media\/sites\/119\/2024\/08\/Mobility-Exkursion_NL_2022_FHJ.jpg\"\n        alt=\"\"\n        title=\"\"\n         loading=\"lazy\"             >\n<\/picture>\n\n                                                                            <\/div>\n                                                                    <div class=\"swiper-slide item\">\n                                        <picture>\n                        <source\n                media=\"(max-width: 576px)\"\n                srcset=\"https:\/\/cdn3.fh-joanneum.at\/media\/sites\/119\/2024\/08\/IMG_0267-576x442.jpg, https:\/\/cdn3.fh-joanneum.at\/media\/sites\/119\/2024\/08\/IMG_0267-768x589.jpg 2x\"\n            \/>\n                    <source\n                media=\"(max-width: 768px)\"\n                srcset=\"https:\/\/cdn3.fh-joanneum.at\/media\/sites\/119\/2024\/08\/IMG_0267-768x589.jpg, https:\/\/cdn3.fh-joanneum.at\/media\/sites\/119\/2024\/08\/IMG_0267-1024x786.jpg 2x\"\n            \/>\n                    <source\n                media=\"(max-width: 1024px)\"\n                srcset=\"https:\/\/cdn3.fh-joanneum.at\/media\/sites\/119\/2024\/08\/IMG_0267-1024x786.jpg, https:\/\/cdn3.fh-joanneum.at\/media\/sites\/119\/2024\/08\/IMG_0267.jpg 2x\"\n            \/>\n                    <source\n                media=\"(max-width: 1500px)\"\n                srcset=\"https:\/\/cdn3.fh-joanneum.at\/media\/sites\/119\/2024\/08\/IMG_0267.jpg, https:\/\/cdn3.fh-joanneum.at\/media\/sites\/119\/2024\/08\/IMG_0267.jpg 2x\"\n            \/>\n                    <source\n                media=\"(max-width: 1500px)\"\n                srcset=\"https:\/\/cdn3.fh-joanneum.at\/media\/sites\/119\/2024\/08\/IMG_0267.jpg, https:\/\/cdn3.fh-joanneum.at\/media\/sites\/119\/2024\/08\/IMG_0267.jpg 2x\"\n            \/>\n                <img decoding=\"async\"\n        class=\"img-fluid\"\n        src=\"https:\/\/cdn3.fh-joanneum.at\/media\/sites\/119\/2024\/08\/IMG_0267.jpg\"\n        alt=\"\"\n        title=\"\"\n         loading=\"lazy\"             >\n<\/picture>\n\n                                                                            <\/div>\n                                                                                    <\/div>\n                    <\/div>\n\n                    <div class=\"swiper-navigation-pagination\">\n                        <div class=\"swiper-button-prev-custom\">\n                            <svg xmlns=\"http:\/\/www.w3.org\/2000\/svg\" width=\"9\" height=\"14\" viewBox=\"0 0 9 14\" fill=\"none\">\n  <path d=\"M8 13L2 7L8 1\" stroke=\"\" stroke-width=\"1.5\" stroke-linecap=\"round\"\/>\n<\/svg>                        <\/div>\n                        <div class=\"swiper-pagination\"><\/div>\n                        <div class=\"swiper-button-next-custom\">\n                            <svg xmlns=\"http:\/\/www.w3.org\/2000\/svg\" width=\"9\" height=\"14\" viewBox=\"0 0 9 14\" fill=\"none\">\n  <path d=\"M1 1L7 7L1 13\" stroke=\"\" stroke-width=\"1.5\" stroke-linecap=\"round\"\/>\n<\/svg>                        <\/div>\n                    <\/div>\n                <\/div>\n            <\/div>\n        <\/div>\n    <\/div>\n<\/div>\n\n\n<div id=\"\" class=\"wp-block-text-content margin-bottom-normal\">\n    <div class=\"container-lg\">\n        <div class=\"row\">\n            <div class=\"col\">\n                <h4><strong>Luftqualit&auml;t erkunden mittels Air-Beam-Feinstaubmessungen<\/strong><\/h4>\n<p>Im Rahmen der Lehrveranstaltung &bdquo;Umweltbelastungen&ldquo; setzen sich Studierende auch mit dem Thema Feinstaub und dem Zusammenhang zwischen Luftqualit&auml;t und der Nutzung unterschiedlicher Heiz- und Verkehrstechnologien auseinander. In praktisch angewandten &Uuml;bungen erhalten Studierende die tragbaren Air-Beam-Messger&auml;te f&uuml;r Luftqualit&auml;t, um selbstst&auml;ndig Messungen im Alltag durchzuf&uuml;hren und mit Unterst&uuml;tzung einer App die erhobenen Feinstaubdaten zu analysieren und interpretieren.<\/p>\n\n            <\/div>\n        <\/div>\n            <\/div>\n<\/div>\n\n\n<div\n    id=\"\"\n    class=\"wp-block-image-slider margin-bottom-normal\"\n>\n    <div class=\"container-lg\">\n        <div class=\"row\">\n            <div class=\"col-12\">\n                <div class=\"swiper-outer-wrapper\">\n                    <div class=\"image-header\">\n                        <div class=\"swiper-navigation\">\n                            <div class=\"swiper-button-prev-custom\">\n                                <svg xmlns=\"http:\/\/www.w3.org\/2000\/svg\" width=\"9\" height=\"14\" viewBox=\"0 0 9 14\" fill=\"none\">\n  <path d=\"M8 13L2 7L8 1\" stroke=\"\" stroke-width=\"1.5\" stroke-linecap=\"round\"\/>\n<\/svg>                            <\/div>\n                            <div class=\"swiper-button-next-custom\">\n                                <svg xmlns=\"http:\/\/www.w3.org\/2000\/svg\" width=\"9\" height=\"14\" viewBox=\"0 0 9 14\" fill=\"none\">\n  <path d=\"M1 1L7 7L1 13\" stroke=\"\" stroke-width=\"1.5\" stroke-linecap=\"round\"\/>\n<\/svg>                            <\/div>\n                        <\/div>\n                    <\/div>\n                    <div class=\"swiper image-slider-swiper\">\n                        <div class=\"swiper-wrapper\">\n                                                                                                <div class=\"swiper-slide item\">\n                                        <picture>\n                        <source\n                media=\"(max-width: 576px)\"\n                srcset=\"https:\/\/cdn3.fh-joanneum.at\/media\/sites\/119\/2024\/08\/IMG_6010-576x432.jpg, https:\/\/cdn3.fh-joanneum.at\/media\/sites\/119\/2024\/08\/IMG_6010-768x576.jpg 2x\"\n            \/>\n                    <source\n                media=\"(max-width: 768px)\"\n                srcset=\"https:\/\/cdn3.fh-joanneum.at\/media\/sites\/119\/2024\/08\/IMG_6010-768x576.jpg, https:\/\/cdn3.fh-joanneum.at\/media\/sites\/119\/2024\/08\/IMG_6010-1024x768.jpg 2x\"\n            \/>\n                    <source\n                media=\"(max-width: 1024px)\"\n                srcset=\"https:\/\/cdn3.fh-joanneum.at\/media\/sites\/119\/2024\/08\/IMG_6010-1024x768.jpg, https:\/\/cdn3.fh-joanneum.at\/media\/sites\/119\/2024\/08\/IMG_6010.jpg 2x\"\n            \/>\n                    <source\n                media=\"(max-width: 1500px)\"\n                srcset=\"https:\/\/cdn3.fh-joanneum.at\/media\/sites\/119\/2024\/08\/IMG_6010.jpg, https:\/\/cdn3.fh-joanneum.at\/media\/sites\/119\/2024\/08\/IMG_6010.jpg 2x\"\n            \/>\n                    <source\n                media=\"(max-width: 1500px)\"\n                srcset=\"https:\/\/cdn3.fh-joanneum.at\/media\/sites\/119\/2024\/08\/IMG_6010.jpg, https:\/\/cdn3.fh-joanneum.at\/media\/sites\/119\/2024\/08\/IMG_6010.jpg 2x\"\n            \/>\n                <img decoding=\"async\"\n        class=\"img-fluid\"\n        src=\"https:\/\/cdn3.fh-joanneum.at\/media\/sites\/119\/2024\/08\/IMG_6010.jpg\"\n        alt=\"\"\n        title=\"\"\n         loading=\"lazy\"             >\n<\/picture>\n\n                                                                                    <p class=\"text-muted mt-2\">Das tragbare Air-Beam-Messger\u00e4t eignet sich gut f\u00fcr praktische \u00dcbungen. (c) FH JOANNEUM<\/p>\n                                                                            <\/div>\n                                                                    <div class=\"swiper-slide item\">\n                                        <picture>\n                        <source\n                media=\"(max-width: 428px)\"\n                srcset=\"https:\/\/cdn3.fh-joanneum.at\/media\/sites\/119\/2024\/08\/IMG_6077-428x576.jpg, https:\/\/cdn3.fh-joanneum.at\/media\/sites\/119\/2024\/08\/IMG_6077-768x1033.jpg 2x\"\n            \/>\n                    <source\n                media=\"(max-width: 768px)\"\n                srcset=\"https:\/\/cdn3.fh-joanneum.at\/media\/sites\/119\/2024\/08\/IMG_6077-768x1033.jpg, https:\/\/cdn3.fh-joanneum.at\/media\/sites\/119\/2024\/08\/IMG_6077-761x1024.jpg 2x\"\n            \/>\n                    <source\n                media=\"(max-width: 761px)\"\n                srcset=\"https:\/\/cdn3.fh-joanneum.at\/media\/sites\/119\/2024\/08\/IMG_6077-761x1024.jpg, https:\/\/cdn3.fh-joanneum.at\/media\/sites\/119\/2024\/08\/IMG_6077-1142x1536.jpg 2x\"\n            \/>\n                    <source\n                media=\"(max-width: 1142px)\"\n                srcset=\"https:\/\/cdn3.fh-joanneum.at\/media\/sites\/119\/2024\/08\/IMG_6077-1142x1536.jpg, https:\/\/cdn3.fh-joanneum.at\/media\/sites\/119\/2024\/08\/IMG_6077-1522x2048.jpg 2x\"\n            \/>\n                    <source\n                media=\"(max-width: 1522px)\"\n                srcset=\"https:\/\/cdn3.fh-joanneum.at\/media\/sites\/119\/2024\/08\/IMG_6077-1522x2048.jpg, https:\/\/cdn3.fh-joanneum.at\/media\/sites\/119\/2024\/08\/IMG_6077.jpg 2x\"\n            \/>\n                <img decoding=\"async\"\n        class=\"img-fluid\"\n        src=\"https:\/\/cdn3.fh-joanneum.at\/media\/sites\/119\/2024\/08\/IMG_6077.jpg\"\n        alt=\"\"\n        title=\"\"\n         loading=\"lazy\"             >\n<\/picture>\n\n                                                                                    <p class=\"text-muted mt-2\">Die Messungen werden mittels App dokumentiert. (c) FH JOANNEUM<\/p>\n                                                                            <\/div>\n                                                                                    <\/div>\n                    <\/div>\n\n                    <div class=\"swiper-navigation-pagination\">\n                        <div class=\"swiper-button-prev-custom\">\n                            <svg xmlns=\"http:\/\/www.w3.org\/2000\/svg\" width=\"9\" height=\"14\" viewBox=\"0 0 9 14\" fill=\"none\">\n  <path d=\"M8 13L2 7L8 1\" stroke=\"\" stroke-width=\"1.5\" stroke-linecap=\"round\"\/>\n<\/svg>                        <\/div>\n                        <div class=\"swiper-pagination\"><\/div>\n                        <div class=\"swiper-button-next-custom\">\n                            <svg xmlns=\"http:\/\/www.w3.org\/2000\/svg\" width=\"9\" height=\"14\" viewBox=\"0 0 9 14\" fill=\"none\">\n  <path d=\"M1 1L7 7L1 13\" stroke=\"\" stroke-width=\"1.5\" stroke-linecap=\"round\"\/>\n<\/svg>                        <\/div>\n                    <\/div>\n                <\/div>\n            <\/div>\n        <\/div>\n    <\/div>\n<\/div>\n","protected":false},"excerpt":{"rendered":"<p>Die vielseitige Ausbildung erm\u00f6glicht Ihnen, im Studium an interessanten und spannenden Projekten zu arbeiten. Was dabei entstehen kann, wenn Sie ihr theoretisches Wissen in die Praxis umsetzen, erfahren Sie hier.<\/p>\n","protected":false},"author":143,"featured_media":0,"parent":8,"menu_order":40,"comment_status":"closed","ping_status":"closed","template":"","meta":{"_acf_changed":false,"footnotes":""},"acf":[],"aioseo_notices":[],"_links":{"self":[{"href":"https:\/\/www.fh-joanneum.at\/umweltmanagement\/bachelor\/wp-json\/wp\/v2\/pages\/71"}],"collection":[{"href":"https:\/\/www.fh-joanneum.at\/umweltmanagement\/bachelor\/wp-json\/wp\/v2\/pages"}],"about":[{"href":"https:\/\/www.fh-joanneum.at\/umweltmanagement\/bachelor\/wp-json\/wp\/v2\/types\/page"}],"author":[{"embeddable":true,"href":"https:\/\/www.fh-joanneum.at\/umweltmanagement\/bachelor\/wp-json\/wp\/v2\/users\/143"}],"replies":[{"embeddable":true,"href":"https:\/\/www.fh-joanneum.at\/umweltmanagement\/bachelor\/wp-json\/wp\/v2\/comments?post=71"}],"version-history":[{"count":1,"href":"https:\/\/www.fh-joanneum.at\/umweltmanagement\/bachelor\/wp-json\/wp\/v2\/pages\/71\/revisions"}],"predecessor-version":[{"id":80,"href":"https:\/\/www.fh-joanneum.at\/umweltmanagement\/bachelor\/wp-json\/wp\/v2\/pages\/71\/revisions\/80"}],"up":[{"embeddable":true,"href":"https:\/\/www.fh-joanneum.at\/umweltmanagement\/bachelor\/wp-json\/wp\/v2\/pages\/8"}],"wp:attachment":[{"href":"https:\/\/www.fh-joanneum.at\/umweltmanagement\/bachelor\/wp-json\/wp\/v2\/media?parent=71"}],"curies":[{"name":"wp","href":"https:\/\/api.w.org\/{rel}","templated":true}]}}