{"id":10000065,"date":"2021-04-16T11:32:12","date_gmt":"2021-04-16T09:32:12","guid":{"rendered":"https:\/\/www.fh-joanneum.at\/versicherungsmanagement\/master\/?page_id=65"},"modified":"2025-04-04T09:00:44","modified_gmt":"2025-04-04T07:00:44","slug":"studienabschluss","status":"publish","type":"page","link":"https:\/\/www.fh-joanneum.at\/versicherungsmanagement\/master\/im-studium\/studienabschluss\/","title":{"rendered":"Studienabschluss"},"content":{"rendered":"<div id=\"\" class=\"wp-block-text-content margin-bottom-none\">\n    <div class=\"container-lg\">\n        <div class=\"row\">\n            <div class=\"col\">\n                <div class=\"module-migration-headline\">\n<h3>Voraussetzungen f&uuml;r den Studienabschluss<\/h3>\n<\/div>\n\n            <\/div>\n        <\/div>\n            <\/div>\n<\/div>\n\n\n<div id=\"\" class=\"wp-block-text-content margin-bottom-normal\">\n    <div class=\"container-lg\">\n        <div class=\"row\">\n            <div class=\"col\">\n                <p>Um das Masterstudium &bdquo;Bank- und Versicherungsmanagement&ldquo; in der Studienrichtung &bdquo;Versicherungsmanagement&ldquo; erfolgreich abzuschlie&szlig;en, m&uuml;ssen Sie:<\/p>\n<ul>\n<li>alle Lehrveranstaltungen positiv absolvieren<\/li>\n<li>eine Masterarbeiten verfassen, die positiv bewertet werden muss<\/li>\n<li>die Masterpr&uuml;fung positiv ablegen<\/li>\n<\/ul>\n<p>Ihr Titel nach dem Studienabschluss lautet &bdquo;Master of Arts in Business (MA)&ldquo;.<\/p>\n\n            <\/div>\n        <\/div>\n            <\/div>\n<\/div>\n\n\n<div id=\"\" class=\"wp-block-text-content margin-bottom-none\">\n    <div class=\"container-lg\">\n        <div class=\"row\">\n            <div class=\"col\">\n                <div class=\"module-migration-headline\">\n<h4>Masterarbeit:&nbsp;<strong>Wissenschaftlich fundiert, praxisnah und karriereorientiert<\/strong><\/h4>\n<\/div>\n\n            <\/div>\n        <\/div>\n            <\/div>\n<\/div>\n\n\n<div id=\"\" class=\"wp-block-text-content margin-bottom-none\">\n    <div class=\"container-lg\">\n        <div class=\"row\">\n            <div class=\"col\">\n                <p>Die Masterarbeit bildet den akademischen Abschluss des Studiums und zeigt, dass Sie in der Lage sind, eine komplexe Fragestellung aus dem Versicherungs- und Finanzbereich selbstst&auml;ndig, methodisch fundiert und unter Anwendung wissenschaftlicher Standards zu bearbeiten.<\/p>\n<p>Ziel der Masterarbeit ist es, ein praxisrelevantes Thema mit wissenschaftlicher Tiefe zu analysieren und l&ouml;sungsorientiert zu bearbeiten. Dabei werden sowohl fachliche als auch analytische Kompetenzen gesch&auml;rft &ndash; eine ideale Vorbereitung f&uuml;r weiterf&uuml;hrende F&uuml;hrungsaufgaben oder eine Karriere im wissenschaftlichen Umfeld.<\/p>\n\n            <\/div>\n        <\/div>\n            <\/div>\n<\/div>\n\n\n<div\n    id=\"\"\n    class=\"wp-block-akkordeon margin-bottom-normal\"\n>\n    <div class=\"container-lg\">\n        <div class=\"row\">\n                                                <div class=\"col-12\">\n                        <h3 class=\"mb-0\"><\/h3>\n\n                                                                                                                    <div class=\"accordion-element-accordion\">\n                                    <a\n                                        data-bs-toggle=\"collapse\"\n                                        class=\"arrow-link large-arrow py-3 pe-1 d-block border-bottom collapsed\"\n                                        href=\"#accordion-1990685663\"\n                                    >\n                                        <h4\n                                            class=\"accordion-title mb-0 d-flex align-items-center justify-content-between\">\n                                            <span>Wissenschaftliche Anforderungen &amp; formale Kriterien<\/span>\n                                            <svg width=\"12\" height=\"24\" viewBox=\"0 0 9 15\" fill=\"none\" xmlns=\"http:\/\/www.w3.org\/2000\/svg\">\n<path id=\"accordion_chevron\" d=\"M1.5 1.5L7.5 7.5L1.5 13.5\" stroke=\"currentColor\" stroke-width=\"1.5\" stroke-linecap=\"round\"\/>\n<\/svg>                                            <\/h5>\n                                    <\/a>\n                                    <div\n                                        class=\"collapse content-wrapper mt-4\"\n                                        id=\"accordion-1990685663\"\n                                    >\n                                        <p>Die Masterarbeit ist eine eigenst\u00e4ndige wissenschaftliche Arbeit mit klarem Erkenntnisinteresse. Sie kann sowohl theoretisch-konzeptionell als auch empirisch oder praxisorientiert angelegt sein. Die Arbeit muss klar strukturiert, methodisch nachvollziehbar und formal korrekt verfasst sein \u2013 inklusive vollst\u00e4ndiger Literaturarbeit, Zitation und wissenschaftlicher Argumentation.<\/p>\n<p>Die Bearbeitung der Masterarbeit beginnt im Rahmen der Expos\u00e9erstellung im dritten Semester des Studiums im so genannten Forschungsseminar. In diesem Seminar begleiten wir Sie bei der Entwicklung des Forschungsdesigns und der Auswahl der Forschungsmethoden. Die Bearbeitung der Masterarbeit selbst beginnt in der Regel am Beginn des vierten Semesters.<\/p>\n\n                                    <\/div>\n                                <\/div>\n                                                                                            <div class=\"accordion-element-accordion\">\n                                    <a\n                                        data-bs-toggle=\"collapse\"\n                                        class=\"arrow-link large-arrow py-3 pe-1 d-block border-bottom collapsed\"\n                                        href=\"#accordion-980988668\"\n                                    >\n                                        <h4\n                                            class=\"accordion-title mb-0 d-flex align-items-center justify-content-between\">\n                                            <span>Praxisbezug &amp; Zusammenarbeit mit Unternehmen<\/span>\n                                            <svg width=\"12\" height=\"24\" viewBox=\"0 0 9 15\" fill=\"none\" xmlns=\"http:\/\/www.w3.org\/2000\/svg\">\n<path id=\"accordion_chevron\" d=\"M1.5 1.5L7.5 7.5L1.5 13.5\" stroke=\"currentColor\" stroke-width=\"1.5\" stroke-linecap=\"round\"\/>\n<\/svg>                                            <\/h5>\n                                    <\/a>\n                                    <div\n                                        class=\"collapse content-wrapper mt-4\"\n                                        id=\"accordion-980988668\"\n                                    >\n                                        <p>Die Masterarbeit kann auch in Zusammenarbeit mit einem Unternehmen, einer Versicherung oder einem institutionellen Partner erstellt werden \u2013 sofern das Thema wissenschaftlich fundiert und betreuungstauglich ist. Themenvorschl\u00e4ge k\u00f6nnen von Studierenden selbst eingebracht oder in Abstimmung mit betreuenden Lehrenden entwickelt werden. Die Zusammenarbeit mit Unternehmen er\u00f6ffnet wertvolle Einblicke in reale Problemstellungen und bietet oft auch die M\u00f6glichkeit zum direkten Berufseinstieg.<\/p>\n\n                                    <\/div>\n                                <\/div>\n                                                                                            <div class=\"accordion-element-accordion\">\n                                    <a\n                                        data-bs-toggle=\"collapse\"\n                                        class=\"arrow-link large-arrow py-3 pe-1 d-block border-bottom collapsed\"\n                                        href=\"#accordion-2142709532\"\n                                    >\n                                        <h4\n                                            class=\"accordion-title mb-0 d-flex align-items-center justify-content-between\">\n                                            <span>Betreuung &amp; begleitende Unterst\u00fctzung<\/span>\n                                            <svg width=\"12\" height=\"24\" viewBox=\"0 0 9 15\" fill=\"none\" xmlns=\"http:\/\/www.w3.org\/2000\/svg\">\n<path id=\"accordion_chevron\" d=\"M1.5 1.5L7.5 7.5L1.5 13.5\" stroke=\"currentColor\" stroke-width=\"1.5\" stroke-linecap=\"round\"\/>\n<\/svg>                                            <\/h5>\n                                    <\/a>\n                                    <div\n                                        class=\"collapse content-wrapper mt-4\"\n                                        id=\"accordion-2142709532\"\n                                    >\n                                        <p>W\u00e4hrend des gesamten Prozesses werden die Studierenden von erfahrenen Lehrenden individuell betreut. Ein begleitendes Masterseminar unterst\u00fctzt bei Themenwahl, Methodik, Gliederung, Literaturrecherche und wissenschaftlichem Schreiben. Regelm\u00e4\u00dfige Feedbackrunden und Zwischenpr\u00e4sentationen sorgen daf\u00fcr, dass die Arbeit methodisch korrekt und zielgerichtet entsteht.<\/p>\n\n                                    <\/div>\n                                <\/div>\n                                                                        <\/div>\n                                    <\/div>\n    <\/div>\n<\/div>\n\n\n<div id=\"\" class=\"wp-block-text-content margin-bottom-none\">\n    <div class=\"container-lg\">\n        <div class=\"row\">\n            <div class=\"col\">\n                <div class=\"module-migration-headline\">\n<h4>Masterpr&uuml;fung<\/h4>\n<\/div>\n\n            <\/div>\n        <\/div>\n            <\/div>\n<\/div>\n\n\n<div id=\"\" class=\"wp-block-text-content margin-bottom-normal\">\n    <div class=\"container-lg\">\n        <div class=\"row\">\n            <div class=\"col\">\n                <div id=\"\" class=\"wp-block-text-content margin-bottom-none\">\n<div class=\"container-lg\">\n<div class=\"row\">\n<div class=\"col\">\n<div class=\"module-migration-headline\">\n<p>Die Masterpr&uuml;fung ist der abschlie&szlig;ende Leistungsnachweis im Masterstudium &bdquo;Versicherungsmanagement&ldquo; und markiert den erfolgreichen Abschluss Ihrer akademischen Ausbildung. Sie findet am Ende des vierten Semesters statt und best&auml;tigt, dass Sie sowohl wissenschaftlich als auch fachlich bereit sind, anspruchsvolle Aufgaben in der Finanzbranche zu &uuml;bernehmen.<\/p>\n<\/div>\n<\/div>\n<\/div>\n<\/div>\n<\/div>\n<div id=\"\" class=\"wp-block-text-content margin-bottom-normal\">\n<div class=\"container-lg\">\n<div class=\"row\">\n<div class=\"col\">\n<h5><strong>Aufbau der Masterpr&uuml;fung<\/strong><\/h5>\n<p>Die Masterpr&uuml;fung besteht aus drei Teilen:<\/p>\n<p><strong>1. Defensio der Masterarbeit<\/strong><\/p>\n<p>Sie pr&auml;sentieren die Ergebnisse Ihrer Masterarbeit vor einer Pr&uuml;fungskommission, erl&auml;utern Ihre Herangehensweise und stellen sich kritischen Fragen zur Methodik, Relevanz und Umsetzung. Ziel ist es, die wissenschaftliche Qualit&auml;t und Eigenst&auml;ndigkeit Ihrer Arbeit unter Beweis zu stellen.<\/p>\n<p><strong>2. Fachpr&uuml;fung im Bereich Versicherungsmanagement<\/strong><\/p>\n<p>In diesem Pr&uuml;fungsteil werden zentrale Themen der strategischen und operativen Banksteuerung gepr&uuml;ft &ndash; etwa in den Bereichen Risikomanagement, Treasury, Controlling oder Regulatorik.<\/p>\n<p><strong>3. Fachpr&uuml;fung im gew&auml;hlten Spezialisierungsbereich<\/strong><\/p>\n<p>Je nach Spezialisierung absolvieren Sie eine zweite Fachpr&uuml;fung in:<\/p>\n<ul>\n<li><strong>Versicherungscontrolling<\/strong>: u.&#8239;a. Bank Accounting, Pr&uuml;fungsmethodik, Kredit- und Treasury-Pr&uuml;fung) oder<\/li>\n<li><strong>Versicherungsconsulting<\/strong><\/li>\n<\/ul>\n<\/div>\n<\/div>\n<\/div>\n<\/div>\n\n            <\/div>\n        <\/div>\n            <\/div>\n<\/div>\n\n\n<div id=\"\" class=\"wp-block-text-content margin-bottom-normal\">\n    <div class=\"container-lg\">\n        <div class=\"row\">\n            <div class=\"col\">\n                <h4><strong>Die Pr&uuml;fungskommission<\/strong><\/h4>\n<p>Die Masterpr&uuml;fung wird von einer&nbsp;<strong>dreik&ouml;pfigen Kommission<\/strong>&nbsp;abgenommen. Diese setzt sich in der Regel zusammen aus:<\/p>\n<ul>\n<li>dem:der Betreuer:in der Masterarbeit<\/li>\n<li>einer weiteren fachlich einschl&auml;gigen Lehrperson<\/li>\n<li>dem:der Vorsitzenden der Pr&uuml;fungskommission (zumeist der Studiengangsleitung oder einem:einer erfahrenen Professor:in)<\/li>\n<\/ul>\n<p>Die Kommission gew&auml;hrleistet ein&nbsp;<strong>faires, wertsch&auml;tzendes und transparentes Pr&uuml;fungsverfahren<\/strong>&nbsp;und bewertet sowohl die wissenschaftliche Qualit&auml;t Ihrer Masterarbeit als auch Ihre&nbsp;<strong>fachliche Expertise und argumentativen F&auml;higkeiten<\/strong>.<\/p>\n<p>Mit der Masterpr&uuml;fung zeigen Sie, dass Sie das n&ouml;tige Fachwissen, die analytischen F&auml;higkeiten und die wissenschaftliche Kompetenz besitzen, um im komplexen Umfeld des Versicherungs- und Finanzsektors erfolgreich zu agieren. Sie ist der letzte Schritt auf Ihrem Weg zum Mastertitel &ndash; und der erste Schritt in eine Karriere mit Perspektive.<\/p>\n\n            <\/div>\n        <\/div>\n            <\/div>\n<\/div>\n","protected":false},"excerpt":{"rendered":"<p>Welche Voraussetzungen Sie f\u00fcr den erfolgreichen Abschluss Ihres Masterstudiums ben\u00f6tigen.<\/p>\n","protected":false},"author":11,"featured_media":0,"parent":10000049,"menu_order":29,"comment_status":"closed","ping_status":"closed","template":"","meta":{"_acf_changed":false,"footnotes":""},"acf":[],"aioseo_notices":[],"_links":{"self":[{"href":"https:\/\/www.fh-joanneum.at\/versicherungsmanagement\/master\/wp-json\/wp\/v2\/pages\/10000065"}],"collection":[{"href":"https:\/\/www.fh-joanneum.at\/versicherungsmanagement\/master\/wp-json\/wp\/v2\/pages"}],"about":[{"href":"https:\/\/www.fh-joanneum.at\/versicherungsmanagement\/master\/wp-json\/wp\/v2\/types\/page"}],"author":[{"embeddable":true,"href":"https:\/\/www.fh-joanneum.at\/versicherungsmanagement\/master\/wp-json\/wp\/v2\/users\/11"}],"replies":[{"embeddable":true,"href":"https:\/\/www.fh-joanneum.at\/versicherungsmanagement\/master\/wp-json\/wp\/v2\/comments?post=10000065"}],"version-history":[{"count":1,"href":"https:\/\/www.fh-joanneum.at\/versicherungsmanagement\/master\/wp-json\/wp\/v2\/pages\/10000065\/revisions"}],"predecessor-version":[{"id":10000209,"href":"https:\/\/www.fh-joanneum.at\/versicherungsmanagement\/master\/wp-json\/wp\/v2\/pages\/10000065\/revisions\/10000209"}],"up":[{"embeddable":true,"href":"https:\/\/www.fh-joanneum.at\/versicherungsmanagement\/master\/wp-json\/wp\/v2\/pages\/10000049"}],"wp:attachment":[{"href":"https:\/\/www.fh-joanneum.at\/versicherungsmanagement\/master\/wp-json\/wp\/v2\/media?parent=10000065"}],"curies":[{"name":"wp","href":"https:\/\/api.w.org\/{rel}","templated":true}]}}