{"id":10000069,"date":"2021-04-16T12:19:24","date_gmt":"2021-04-16T10:19:24","guid":{"rendered":"https:\/\/www.fh-joanneum.at\/versicherungsmanagement\/master\/?page_id=69"},"modified":"2025-04-04T09:59:41","modified_gmt":"2025-04-04T07:59:41","slug":"absolventinnen-absolventen","status":"publish","type":"page","link":"https:\/\/www.fh-joanneum.at\/versicherungsmanagement\/master\/nach-dem-studium\/absolventinnen-absolventen\/","title":{"rendered":"Absolvent:innen"},"content":{"rendered":"<div id=\"\" class=\"wp-block-text-content margin-bottom-none\">\n    <div class=\"container-lg\">\n        <div class=\"row\">\n            <div class=\"col\">\n                <div class=\"module-migration-headline\">\n<h3>Das machen unsere Absolvent:innen<\/h3>\n<p>Unsere Absolvent:innen &uuml;bernehmen verantwortungsvolle Positionen in der Versicherungswirtschaft &ndash; sowohl in etablierten Gro&szlig;unternehmen als auch in innovativen InsurTechs, Beratungen oder &ouml;ffentlichen Einrichtungen. Viele steigen bereits w&auml;hrend des Studiums in neue Rollen auf oder wechseln in h&ouml;herqualifizierte Fachbereiche. Der Masterabschluss erweist sich dabei als T&uuml;r&ouml;ffner f&uuml;r vielf&auml;ltige Karrierewege &ndash; national wie international.<\/p>\n<p>Viele unserer Absolvent:innen berichten, dass ihnen das Studium nicht nur fachliches Wissen vermittelt, sondern vor allem den Sprung auf die n&auml;chste Karrierestufe erm&ouml;glicht hat. Durch die praxisorientierte Ausrichtung, die Spezialisierungen und den Austausch mit Expert:innen aus der Branche f&uuml;hlen sie sich bestens auf ihre aktuellen Aufgaben vorbereitet &ndash; ob in Produktentwicklung, Risikomanagement, Consulting oder F&uuml;hrung.<\/p>\n<\/div>\n\n            <\/div>\n        <\/div>\n            <\/div>\n<\/div>\n\n\n<div id=\"\" class=\"wp-block-list-of-graduates margin-bottom-normal\">\n  <div class=\"container-lg\">\n    <div class=\"row\">\n                        <div class=\"col-6 col-sm-4 col-md-6 col-lg-4 col-xl-4 mb-4\">\n            <a\n    href=\"https:\/\/www.fh-joanneum.at\/versicherungsmanagement\/master\/nach-dem-studium\/absolventinnen-absolventen\/alexander-bracic-ba-ma\/\"\n    class=\"graduate-card bg-light\"\n>\n    <div class=\"border border-light h-100\">\n        <div class=\"image-wrapper\">\n            <picture>\n                        <source\n                media=\"(max-width: 576px)\"\n                srcset=\"https:\/\/cdn3.fh-joanneum.at\/media\/sites\/91\/2021\/04\/alexander-bracic-ba-ma.jpg, https:\/\/cdn3.fh-joanneum.at\/media\/sites\/91\/2021\/04\/alexander-bracic-ba-ma-768x768.jpg 2x\"\n            \/>\n                    <source\n                media=\"(max-width: 768px)\"\n                srcset=\"https:\/\/cdn3.fh-joanneum.at\/media\/sites\/91\/2021\/04\/alexander-bracic-ba-ma-768x768.jpg, https:\/\/cdn3.fh-joanneum.at\/media\/sites\/91\/2021\/04\/alexander-bracic-ba-ma-1024x1024.jpg 2x\"\n            \/>\n                    <source\n                media=\"(max-width: 1024px)\"\n                srcset=\"https:\/\/cdn3.fh-joanneum.at\/media\/sites\/91\/2021\/04\/alexander-bracic-ba-ma-1024x1024.jpg, https:\/\/cdn3.fh-joanneum.at\/media\/sites\/91\/2021\/04\/alexander-bracic-ba-ma.jpg 2x\"\n            \/>\n                    <source\n                media=\"(max-width: 1080px)\"\n                srcset=\"https:\/\/cdn3.fh-joanneum.at\/media\/sites\/91\/2021\/04\/alexander-bracic-ba-ma.jpg, https:\/\/cdn3.fh-joanneum.at\/media\/sites\/91\/2021\/04\/alexander-bracic-ba-ma.jpg 2x\"\n            \/>\n                    <source\n                media=\"(max-width: 1080px)\"\n                srcset=\"https:\/\/cdn3.fh-joanneum.at\/media\/sites\/91\/2021\/04\/alexander-bracic-ba-ma.jpg, https:\/\/cdn3.fh-joanneum.at\/media\/sites\/91\/2021\/04\/alexander-bracic-ba-ma.jpg 2x\"\n            \/>\n                <img decoding=\"async\"\n        class=\"img-fluid\"\n        src=\"https:\/\/cdn3.fh-joanneum.at\/media\/sites\/91\/2021\/04\/alexander-bracic-ba-ma.jpg\"\n        alt=\"Alexander Bracic, BA MA\"\n        title=\"\"\n         loading=\"lazy\"             >\n<\/picture>\n\n        <\/div>\n        <div class=\"p-2 p-xl-3\">\n            <h6>Alexander Bracic, BA MA<\/h6>\n            <p class=\"mb-0 hyphens\">\n                Die Kombination aus Praxis und Weiterbildung des berufsbegleitenden Studiums, hat Alexander Bracic zu seiner T\u00e4tigkeit als Prokurist der Finova GmbH und Gesch\u00e4ftsf\u00fchrer der Finova Investment GmbH gef\u00fchrt.\n            <\/p>\n        <\/div>\n    <\/div>\n<\/a>\n          <\/div>\n                  <\/div>\n  <\/div>\n<\/div>\n","protected":false},"excerpt":{"rendered":"<p>Wir haben einige unserer ehemaligen Studierenden portraitiert. So k\u00f6nnen Sie sich selbst ein Bild \u00fcber die Berufs- und Karrierem\u00f6glichkeiten machen.<\/p>\n","protected":false},"author":11,"featured_media":0,"parent":10000067,"menu_order":32,"comment_status":"closed","ping_status":"closed","template":"","meta":{"_acf_changed":false,"footnotes":""},"acf":[],"aioseo_notices":[],"_links":{"self":[{"href":"https:\/\/www.fh-joanneum.at\/versicherungsmanagement\/master\/wp-json\/wp\/v2\/pages\/10000069"}],"collection":[{"href":"https:\/\/www.fh-joanneum.at\/versicherungsmanagement\/master\/wp-json\/wp\/v2\/pages"}],"about":[{"href":"https:\/\/www.fh-joanneum.at\/versicherungsmanagement\/master\/wp-json\/wp\/v2\/types\/page"}],"author":[{"embeddable":true,"href":"https:\/\/www.fh-joanneum.at\/versicherungsmanagement\/master\/wp-json\/wp\/v2\/users\/11"}],"replies":[{"embeddable":true,"href":"https:\/\/www.fh-joanneum.at\/versicherungsmanagement\/master\/wp-json\/wp\/v2\/comments?post=10000069"}],"version-history":[{"count":1,"href":"https:\/\/www.fh-joanneum.at\/versicherungsmanagement\/master\/wp-json\/wp\/v2\/pages\/10000069\/revisions"}],"predecessor-version":[{"id":10000215,"href":"https:\/\/www.fh-joanneum.at\/versicherungsmanagement\/master\/wp-json\/wp\/v2\/pages\/10000069\/revisions\/10000215"}],"up":[{"embeddable":true,"href":"https:\/\/www.fh-joanneum.at\/versicherungsmanagement\/master\/wp-json\/wp\/v2\/pages\/10000067"}],"wp:attachment":[{"href":"https:\/\/www.fh-joanneum.at\/versicherungsmanagement\/master\/wp-json\/wp\/v2\/media?parent=10000069"}],"curies":[{"name":"wp","href":"https:\/\/api.w.org\/{rel}","templated":true}]}}