{"id":10000070,"date":"2021-04-16T12:40:32","date_gmt":"2021-04-16T10:40:32","guid":{"rendered":"https:\/\/www.fh-joanneum.at\/versicherungsmanagement\/master\/?page_id=70"},"modified":"2021-04-16T12:40:32","modified_gmt":"2021-04-16T10:40:32","slug":"alexander-bracic-ba-ma","status":"publish","type":"page","link":"https:\/\/www.fh-joanneum.at\/versicherungsmanagement\/master\/nach-dem-studium\/absolventinnen-absolventen\/alexander-bracic-ba-ma\/","title":{"rendered":"Alexander Bracic, BA MA"},"content":{"rendered":"<div id=\"\" class=\"wp-block-text-content margin-bottom-normal\">\n    <div class=\"container-lg\">\n        <div class=\"row\">\n            <div class=\"col\">\n                <h4>Eckdaten:<\/h4>\n<p><strong>Jobbezeichnung:<\/strong> Prokurist &amp; Gesch&auml;ftsf&uuml;hrer    <br>\n<strong>Unternehmen:<\/strong> <a href=\"https:\/\/www.finova.at\/\" target=\"_blank\" rel=\"noopener noreferrer\">Finova GmbH<\/a> &amp; Finova Investment GmbH  <br>\n<strong>Ich arbeite in:<\/strong> Graz, &Ouml;sterreich       <br>\n<strong>Ich arbeite hier seit:<\/strong> 2012 <\/p>\n<p>Mein Kontakt: <a href=\"mailto:alexander.bracic@finova.at\">alexander.bracic@finova.at<\/a><\/p>\n<p>Meine Social URLs:   <br>\n<a href=\"https:\/\/www.instagram.com\/alexbracic\/?hl=de\" target=\"_blank\" rel=\"noopener noreferrer\">Instagram<\/a>  <br>\n<a href=\"https:\/\/www.linkedin.com\/in\/alexander-bracic-ba-ma-4700a8160\/\" target=\"_blank\" rel=\"noopener noreferrer\">Linkedin<\/a>   <br>\n<a href=\"https:\/\/www.xing.com\/profile\/Alexander_Bracic\/cv?sc_o=mxb_p\" target=\"_blank\" rel=\"noopener noreferrer\">Xing<\/a>     <\/p>\n\n            <\/div>\n        <\/div>\n            <\/div>\n<\/div>\n\n<!-- TODO:\n      Short Code und Cookie Notice anpassen\n      Barrierefreiheit Texte\n-->\n<div\n    id=\"\"\n    class=\"wp-block-video margin-bottom-normal\"\n>\n    <div class=\"container-lg\">\n        <div class=\"row\">\n            <div class=\"col\">\n\n                                    <div class='embed-container'> <div class=\"brlbs-cmpnt-container brlbs-cmpnt-content-blocker\" data-borlabs-cookie-content-blocker-id=\"youtube-content-blocker\" data-borlabs-cookie-content=\"PGlmcmFtZSBpZD0ndmlkZW8nIHNyYz0nLy93d3cueW91dHViZS5jb20vZW1iZWQvWmh3YmdHblVmUk0\/cmVsPTAmY29udHJvbHM9MCZzaG93aW5mbz0wJmVuYWJsZWpzYXBpPTEmbW9kZXN0YnJhbmRpbmc9MScgZnJhbWVib3JkZXI9JzAnIGFsbG93ZnVsbHNjcmVlbj48L2lmcmFtZT4=\" ><div class=\"brlbs-cmpnt-cb-preset-b\"> <div class=\"brlbs-cmpnt-cb-thumbnail\" style=\"background-image: url('https:\/\/cdn.fh-joanneum.at\/media\/2021\/02\/conversory-fh-joanneum-video-overlay-bg.jpg')\"><\/div> <div class=\"brlbs-cmpnt-cb-main\"> <div class=\"brlbs-cmpnt-cb-content\"> <h4 class=\"brlbs-cmpnt-cb-description\">Mit dem Laden des Videos stimmen Sie der <a href=\"https:\/\/www.youtube.com\/intl\/ALL_at\/howyoutubeworks\/user-settings\/privacy\/\" target=\"_blank\">Datenschutzerkl\u00e4rung<\/a> von YouTube zu.<\/h4> <\/div> <div class=\"brlbs-cmpnt-cb-buttons\"> <a class=\"brlbs-cmpnt-cb-btn\" href=\"#\" data-borlabs-cookie-accept-service role=\"button\" style=\"display: inherit\">Video laden<\/a> <\/div> <\/div> <\/div><\/div><\/div>                            <\/div>\n        <\/div>\n    <\/div>\n<\/div>\n\n<div id=\"\" class=\"wp-block-text-content margin-bottom-normal\">\n    <div class=\"container-lg\">\n        <div class=\"row\">\n            <div class=\"col\">\n                <h4>Was ich mache:<\/h4>\n<ul>\n<li>Vertriebsmanagement<\/li>\n<li>Controlling<\/li>\n<li>Aus- und Weiterbildung<\/li>\n<\/ul>\n<h4>Was ich an meinem Job liebe:<\/h4>\n<ul>\n<li>Bei der Entwicklung eigener Ideen und Konzepte f&uuml;r Herausforderungen der Zukunft kann ich mich entfalten.<\/li>\n<li>Abwechslungsreiche und spannende T&auml;tigkeiten bereichern den Alltag.<\/li>\n<li>Durch den Umgang mit Menschen lerne ich jeden Tag Neues dazu.<\/li>\n<\/ul>\n<h4>Was ich an meinem Job nicht so mag:<\/h4>\n<ul>\n<li>monotone T&auml;tigkeiten<\/li>\n<\/ul>\n<h4>Wichtige F&auml;higkeiten in meinem Job:<\/h4>\n<ul>\n<li>Leistungsbereitschaft<\/li>\n<li>analytisches Denken<\/li>\n<li>Kommunikations- und Organisationsf&auml;higkeiten<\/li>\n<\/ul>\n<h4>Mein bisher gr&ouml;&szlig;ter Erfolg in meiner Karriere<\/h4>\n<p>Eine wissenschaftliche Arbeit zu erstellen, die einen direkten Bezug zu beruflichen Themenfeldern hat, war eine spannende Herausforderung. Zu wissen einen tats&auml;chlichen Mehrwert geschaffen zu haben und daf&uuml;r noch pr&auml;miert zu werden, war &uuml;berdies ein sch&ouml;nes Gef&uuml;hl.<\/p>\n<h4>So bin ich zu meinem Job gekommen<\/h4>\n<p>Ich bin 2012 durch die Finova GmbH in die Finanzbranche gekommen und habe mich an der FH JOANNEUM nebenberuflich weitergebildet. Die Kombination aus Praxis und Weiterbildung, die mir das berufsbegleitende Studium erm&ouml;glichte, hat zu meiner momentanen T&auml;tigkeit im Unternehmen gef&uuml;hrt.<\/p>\n<h4>Das habe ich im Studium f&uuml;rs Berufsleben gelernt<\/h4>\n<p>Die fachlichen Kompetenzen, welche im Studium gelehrt wurden, kann ich beinahe jeden Tag anwenden. Als noch wichtiger empfinde ich es jedoch, strukturiert an Aufgaben heranzugehen. Die Entwicklung dieser F&auml;higkeit ist Bestandteil nahezu jeder Lehrveranstaltung im Studium. <\/p>\n<h4>Die Jobchancen in meinem Bereich<\/h4>\n<p>Im Finanzbereich sind die Chancen f&uuml;r hoch qualifiziertes Personal nach wie vor gro&szlig;. Insbesondere in Zeiten der Digitalisierung sind Menschen gefragt, die mit Herausforderungen und wechselnden Gegebenheiten gut umgehen k&ouml;nnen.<\/p>\n<h3>Ich bin &hellip;<\/h3>\n<ul>\n<li>bereit Verantwortung zu &uuml;bernehmen<\/li>\n<li>zielorientiert<\/li>\n<li>teamf&auml;hig<\/li>\n<\/ul>\n\n            <\/div>\n        <\/div>\n            <\/div>\n<\/div>\n\n<div\n    id=\"\"\n    class=\"wp-block-blockquote margin-bottom-normal\"\n>\n    <div class=\"container-lg\">\n        <div class=\"row\">\n            <div class=\"col\">\n                <div class=\"d-block mb-2 fs-5 major-text-color\">Wer an pers\u00f6nlicher Weiterentwicklung und an Finanzthemen interessiert ist, schafft sich mit dem Studium an der FH JOANNEUM unbegrenzte M\u00f6glichkeiten. Die Mischung aus theoretischen Aspekten und Lehrenden aus der Praxis sorgt f\u00fcr eine umfassende Ausbildung, die seinesgleichen sucht. <\/div>\n                <span class=\"d-flex justify-content-end\">Alexander Bracic<\/span>\n            <\/div>\n        <\/div>\n    <\/div>\n<\/div>\n\n<div\n    id=\"\"\n    class=\"wp-block-tipp-box margin-bottom-normal\"\n>\n    <div class=\"container-lg\">\n        <div class=\"row\">\n            <div class=\"col\">\n                <div class=\"tipp-box border border-warning\">\n                    <div class=\"tipp-box-inner p-2 p-md-3\">\n                        <h4 class=\"\">Tipp<\/h4>\n                        <p>Where there&#8217;s a will there&#8217;s a way!<\/p>\n\n                    <\/div>\n                <\/div>\n            <\/div>\n        <\/div>\n    <\/div>\n<\/div>\n\n","protected":false},"excerpt":{"rendered":"<p>Die Kombination aus Praxis und Weiterbildung des berufsbegleitenden Studiums, hat Alexander Bracic zu seiner T\u00e4tigkeit als Prokurist der Finova GmbH und Gesch\u00e4ftsf\u00fchrer der Finova Investment GmbH gef\u00fchrt.<\/p>\n","protected":false},"author":11,"featured_media":10000071,"parent":10000069,"menu_order":0,"comment_status":"closed","ping_status":"closed","template":"template-absolvent.blade.php","meta":{"_acf_changed":false,"footnotes":""},"acf":[],"aioseo_notices":[],"_links":{"self":[{"href":"https:\/\/www.fh-joanneum.at\/versicherungsmanagement\/master\/wp-json\/wp\/v2\/pages\/10000070"}],"collection":[{"href":"https:\/\/www.fh-joanneum.at\/versicherungsmanagement\/master\/wp-json\/wp\/v2\/pages"}],"about":[{"href":"https:\/\/www.fh-joanneum.at\/versicherungsmanagement\/master\/wp-json\/wp\/v2\/types\/page"}],"author":[{"embeddable":true,"href":"https:\/\/www.fh-joanneum.at\/versicherungsmanagement\/master\/wp-json\/wp\/v2\/users\/11"}],"replies":[{"embeddable":true,"href":"https:\/\/www.fh-joanneum.at\/versicherungsmanagement\/master\/wp-json\/wp\/v2\/comments?post=10000070"}],"version-history":[{"count":1,"href":"https:\/\/www.fh-joanneum.at\/versicherungsmanagement\/master\/wp-json\/wp\/v2\/pages\/10000070\/revisions"}],"predecessor-version":[{"id":10000174,"href":"https:\/\/www.fh-joanneum.at\/versicherungsmanagement\/master\/wp-json\/wp\/v2\/pages\/10000070\/revisions\/10000174"}],"up":[{"embeddable":true,"href":"https:\/\/www.fh-joanneum.at\/versicherungsmanagement\/master\/wp-json\/wp\/v2\/pages\/10000069"}],"wp:featuredmedia":[{"embeddable":true,"href":"https:\/\/www.fh-joanneum.at\/versicherungsmanagement\/master\/wp-json\/wp\/v2\/media\/10000071"}],"wp:attachment":[{"href":"https:\/\/www.fh-joanneum.at\/versicherungsmanagement\/master\/wp-json\/wp\/v2\/media?parent=10000070"}],"curies":[{"name":"wp","href":"https:\/\/api.w.org\/{rel}","templated":true}]}}