{"id":33,"date":"2026-03-23T12:39:30","date_gmt":"2026-03-23T11:39:30","guid":{"rendered":"https:\/\/www.fh-joanneum.at\/versicherungsmanagement\/postgraduate\/?page_id=33"},"modified":"2026-03-23T12:39:32","modified_gmt":"2026-03-23T11:39:32","slug":"voraussetzungen","status":"publish","type":"page","link":"https:\/\/www.fh-joanneum.at\/versicherungsmanagement\/postgraduate\/vor-dem-studium\/voraussetzungen\/","title":{"rendered":"Voraussetzungen"},"content":{"rendered":"<div id=\"\" class=\"wp-block-text-content margin-bottom-normal\">\n    <div class=\"container-lg\">\n        <div class=\"row\">\n            <div class=\"col\">\n                <h3>Voraussetzungen<\/h3>\n<p>Wenn Sie ein abgeschlossenes facheinschl&auml;giges Bachelorstudium im Ausma&szlig; von mindestens 180 ECTS oder ein Hochschulabschluss eines MBA oder wirtschaftswissenschaftlichen MSc aus Hochschullehrg&auml;ngen mit mind. 90 ECTS nachweisen k&ouml;nnen und &uuml;ber eine zumindest 2-j&auml;hrige fachspezifische Berufserfahrung verf&uuml;gen, erf&uuml;llen Sie die Zugangsvoraussetzungen f&uuml;r den MBA-Lehrgang.<\/p>\n<p>F&uuml;r Personen ohne Bachelor-Abschluss bzw. Hochschulabschluss eines MBA oder wirtschaftswissenschaftlichen MSc aus Hochschullehrg&auml;ngen gilt die allgemeine Hochschulreife und eine zumindest 6-j&auml;hrige fachspezifische Berufserfahrung als Mindestzugangsvoraussetzung.<\/p>\n\n            <\/div>\n        <\/div>\n            <\/div>\n<\/div>\n\n\n<div\n    id=\"\"\n    class=\"wp-block-tipp-box margin-bottom-normal\"\n>\n    <div class=\"container-lg\">\n        <div class=\"row\">\n            <div class=\"col\">\n                <div class=\"tipp-box border border-info\">\n                    <div class=\"tipp-box-inner p-2 p-md-3\">\n                        <h4 class=\"\">Hinweis<\/h4>\n                        <p>Englisch und Deutsch sind die Unterrichtssprachen am Lehrgang. Mit Sprachkenntnissen auf Level C1 k\u00f6nnen Sie den Lehrgangsinhalten ohne Probleme folgen. Best\u00e4tigen Sie uns Ihre Sprachkenntnisse bitte mit einem Zertifikat, sofern Sie nicht in Maturazeugnissen oder \u00e4hnlichen Diplomen genannt sind.<\/p>\n\n                    <\/div>\n                <\/div>\n            <\/div>\n        <\/div>\n    <\/div>\n<\/div>\n","protected":false},"excerpt":{"rendered":"<p>Diese Voraussetzungen m\u00fcssen Sie f\u00fcr die Teilnahme am Lehrgang \u201eVersicherungsmanagement\u201c erf\u00fcllen.<\/p>\n","protected":false},"author":143,"featured_media":0,"parent":5,"menu_order":20,"comment_status":"closed","ping_status":"closed","template":"","meta":{"_acf_changed":false,"footnotes":""},"acf":[],"aioseo_notices":[],"_links":{"self":[{"href":"https:\/\/www.fh-joanneum.at\/versicherungsmanagement\/postgraduate\/wp-json\/wp\/v2\/pages\/33"}],"collection":[{"href":"https:\/\/www.fh-joanneum.at\/versicherungsmanagement\/postgraduate\/wp-json\/wp\/v2\/pages"}],"about":[{"href":"https:\/\/www.fh-joanneum.at\/versicherungsmanagement\/postgraduate\/wp-json\/wp\/v2\/types\/page"}],"author":[{"embeddable":true,"href":"https:\/\/www.fh-joanneum.at\/versicherungsmanagement\/postgraduate\/wp-json\/wp\/v2\/users\/143"}],"replies":[{"embeddable":true,"href":"https:\/\/www.fh-joanneum.at\/versicherungsmanagement\/postgraduate\/wp-json\/wp\/v2\/comments?post=33"}],"version-history":[{"count":2,"href":"https:\/\/www.fh-joanneum.at\/versicherungsmanagement\/postgraduate\/wp-json\/wp\/v2\/pages\/33\/revisions"}],"predecessor-version":[{"id":35,"href":"https:\/\/www.fh-joanneum.at\/versicherungsmanagement\/postgraduate\/wp-json\/wp\/v2\/pages\/33\/revisions\/35"}],"up":[{"embeddable":true,"href":"https:\/\/www.fh-joanneum.at\/versicherungsmanagement\/postgraduate\/wp-json\/wp\/v2\/pages\/5"}],"wp:attachment":[{"href":"https:\/\/www.fh-joanneum.at\/versicherungsmanagement\/postgraduate\/wp-json\/wp\/v2\/media?parent=33"}],"curies":[{"name":"wp","href":"https:\/\/api.w.org\/{rel}","templated":true}]}}