{"id":36,"date":"2026-03-23T12:44:19","date_gmt":"2026-03-23T11:44:19","guid":{"rendered":"https:\/\/www.fh-joanneum.at\/versicherungsmanagement\/postgraduate\/?page_id=36"},"modified":"2026-03-23T12:44:20","modified_gmt":"2026-03-23T11:44:20","slug":"bewerbung-und-gespraech","status":"publish","type":"page","link":"https:\/\/www.fh-joanneum.at\/versicherungsmanagement\/postgraduate\/vor-dem-studium\/bewerbung-und-gespraech\/","title":{"rendered":"Bewerbung und Gespr\u00e4ch"},"content":{"rendered":"<div id=\"\" class=\"wp-block-text-content margin-bottom-normal\">\n    <div class=\"container-lg\">\n        <div class=\"row\">\n            <div class=\"col\">\n                <h3>Bewerbung<\/h3>\n<p>Grundlage f&uuml;r die Aufnahme in den Lehrgang Versicherungsmanagement ist neben der Erf&uuml;llung der Zugangsvoraussetzungen eine Onlinebewerbung an die FH JOANNEUM. Dabei sind Vorbildungen, Abschl&uuml;sse und berufliche Praxis mit Zeugnissen und Best&auml;tigungen nachzuweisen.<\/p>\n<p>Die Unterlagen werden vertraulich behandelt.<\/p>\n<p>Wenn Sie die Voraussetzungen erf&uuml;llen, k&ouml;nnen Sie sich f&uuml;r den Lehrgang bewerben. Dazu ben&ouml;tigen Sie die folgenden Unterlagen:<\/p>\n<ul>\n<li>unterzeichnetes Bewerbungsschreiben \/ Motivationsschreiben<\/li>\n<li>unterzeichneter Lebenslauf<\/li>\n<li>Kopie des Staatsb&uuml;rgerschaftsnachweises oder des Reisepasses<\/li>\n<li>Nachweis &uuml;ber den Abschluss eines Bachelor- oder Masterstudiums oder<br>\neiner gleichwertigen Ausbildung und einer 2-j&auml;hrigen fachspezifischen Berufserfahrung <strong>oder<\/strong><\/li>\n<li>Nachweis der allgemeinen Hochschulreife oder Studienberechtigungspr&uuml;fung und Nachweis &uuml;ber 6-j&auml;hrige fachspezifische Berufserfahrung<\/li>\n<\/ul>\n\n            <\/div>\n        <\/div>\n            <\/div>\n<\/div>\n\n\n<div\n    id=\"\"\n    class=\"wp-block-tipp-box margin-bottom-normal\"\n>\n    <div class=\"container-lg\">\n        <div class=\"row\">\n            <div class=\"col\">\n                <div class=\"tipp-box border border-warning\">\n                    <div class=\"tipp-box-inner p-2 p-md-3\">\n                        <h4 class=\"\">Tipp<\/h4>\n                        <p>Falls Sie die Dokumente (Bachelor- oder Diplomurkunde) zum Zeitpunkt der Bewerbung noch nicht haben, k\u00f6nnen Sie diese bis zum Studienbeginn nachreichen.<\/p>\n\n                    <\/div>\n                <\/div>\n            <\/div>\n        <\/div>\n    <\/div>\n<\/div>\n\n\n<div id=\"\" class=\"wp-block-text-content margin-bottom-normal\">\n    <div class=\"container-lg\">\n        <div class=\"row\">\n            <div class=\"col\">\n                <h4>Onlinebewerbung<\/h4>\n<h5><a href=\"https:\/\/www.fh-joanneum.at\/studium\/online-bewerbung\/\">Hier geht es zur Onlinebewerbung.<\/a><\/h5>\n<p>&nbsp;<\/p>\n<h4>Pers&ouml;nliches Gespr&auml;ch<\/h4>\n<p>Ihre Bewerbung wird von der Abteilung Weiterbildung, Studienadministration und studienrechtliche Angelegenheiten sowie der Lehrgangsleitung &uuml;berpr&uuml;ft. Alle Bewerber:innen, die die formalen Voraussetzungen erf&uuml;llen, werden zu einem pers&ouml;nlichen Gespr&auml;ch eingeladen.<\/p>\n\n            <\/div>\n        <\/div>\n            <\/div>\n<\/div>\n\n\n<div\n    id=\"\"\n    class=\"wp-block-tipp-box margin-bottom-normal\"\n>\n    <div class=\"container-lg\">\n        <div class=\"row\">\n            <div class=\"col\">\n                <div class=\"tipp-box border border-info\">\n                    <div class=\"tipp-box-inner p-2 p-md-3\">\n                        <h4 class=\"\">Hinweis<\/h4>\n                        <p><strong>Welche Regeln gelten f\u00fcr internationalen Dokumente?<\/strong><\/p>\n<p>F\u00fcr nicht-\u00f6sterreichische Dokumente gibt es Sonderregeln. Diese m\u00fcssen Sie einhalten, damit Ihre Bewerbung akzeptiert werden kann. Welche Richtlinien einzuhalten sind, h\u00e4ngt davon ab, in welchem Land die Dokumente ausgestellt wurden: <a href=\"https:\/\/www.fh-joanneum.at\/beglaubigungs-und-uebersetzungsrichtlinien\/\">Beglaubigungs- und \u00dcbersetzungsrichtlinien nach L\u00e4ndern<\/a>.<\/p>\n\n                    <\/div>\n                <\/div>\n            <\/div>\n        <\/div>\n    <\/div>\n<\/div>\n","protected":false},"excerpt":{"rendered":"<p>Hier erfahren Sie alles zu Bewerbung und Aufnahmegespr\u00e4ch.<\/p>\n","protected":false},"author":143,"featured_media":0,"parent":5,"menu_order":30,"comment_status":"closed","ping_status":"closed","template":"","meta":{"_acf_changed":false,"footnotes":""},"acf":[],"aioseo_notices":[],"_links":{"self":[{"href":"https:\/\/www.fh-joanneum.at\/versicherungsmanagement\/postgraduate\/wp-json\/wp\/v2\/pages\/36"}],"collection":[{"href":"https:\/\/www.fh-joanneum.at\/versicherungsmanagement\/postgraduate\/wp-json\/wp\/v2\/pages"}],"about":[{"href":"https:\/\/www.fh-joanneum.at\/versicherungsmanagement\/postgraduate\/wp-json\/wp\/v2\/types\/page"}],"author":[{"embeddable":true,"href":"https:\/\/www.fh-joanneum.at\/versicherungsmanagement\/postgraduate\/wp-json\/wp\/v2\/users\/143"}],"replies":[{"embeddable":true,"href":"https:\/\/www.fh-joanneum.at\/versicherungsmanagement\/postgraduate\/wp-json\/wp\/v2\/comments?post=36"}],"version-history":[{"count":2,"href":"https:\/\/www.fh-joanneum.at\/versicherungsmanagement\/postgraduate\/wp-json\/wp\/v2\/pages\/36\/revisions"}],"predecessor-version":[{"id":38,"href":"https:\/\/www.fh-joanneum.at\/versicherungsmanagement\/postgraduate\/wp-json\/wp\/v2\/pages\/36\/revisions\/38"}],"up":[{"embeddable":true,"href":"https:\/\/www.fh-joanneum.at\/versicherungsmanagement\/postgraduate\/wp-json\/wp\/v2\/pages\/5"}],"wp:attachment":[{"href":"https:\/\/www.fh-joanneum.at\/versicherungsmanagement\/postgraduate\/wp-json\/wp\/v2\/media?parent=36"}],"curies":[{"name":"wp","href":"https:\/\/api.w.org\/{rel}","templated":true}]}}