{"id":10000014,"date":"2017-01-23T17:09:20","date_gmt":"2017-01-23T16:09:20","guid":{"rendered":"https:\/\/www.fh-joanneum.at\/visuelle-kommunikation-und-bildmanagement\/master\/?page_id=14"},"modified":"2023-10-24T13:48:11","modified_gmt":"2023-10-24T11:48:11","slug":"termine-fristen","status":"publish","type":"page","link":"https:\/\/www.fh-joanneum.at\/visuelle-kommunikation-und-bildmanagement\/postgraduate\/vor-dem-studium\/termine-fristen\/","title":{"rendered":"Termine &amp; Fristen"},"content":{"rendered":"<div id=\"\" class=\"wp-block-text-content margin-bottom-none\">\n    <div class=\"container-lg\">\n        <div class=\"row\">\n            <div class=\"col\">\n                <div class=\"module-migration-headline\">\n<h3>Termine und Fristen<\/h3>\n<\/div>\n\n            <\/div>\n        <\/div>\n            <\/div>\n<\/div>\n\n\n<div id=\"\" class=\"wp-block-text-content margin-bottom-normal\">\n    <div class=\"container-lg\">\n        <div class=\"row\">\n            <div class=\"col\">\n                <h6>N&auml;chster geplanter Lehrgangsstart: Wintersemester 2024\/2025<\/h6>\n\n            <\/div>\n        <\/div>\n            <\/div>\n<\/div>\n\n<div\n    id=\"\"\n    class=\"wp-block-tipp-box margin-bottom-normal\"\n>\n    <div class=\"container-lg\">\n        <div class=\"row\">\n            <div class=\"col\">\n                <div class=\"tipp-box border border-warning\">\n                    <div class=\"tipp-box-inner p-2 p-md-3\">\n                        <h4 class=\"\">Tipp<\/h4>\n                        <p>Bewerbungen sind laufend m\u00f6glich. Pers\u00f6nliche Aufnahmegespr\u00e4che finden laufend statt. <br \/> <strong>Vereinbaren Sie ein pers\u00f6nliches Beratungsgespr\u00e4ch: <a href=\"mailto:vis@fh-joanneum.at\">vis@fh-joanneum.at<\/a><\/strong><\/p>\n\n                    <\/div>\n                <\/div>\n            <\/div>\n        <\/div>\n    <\/div>\n<\/div>\n\n","protected":false},"excerpt":{"rendered":"<p>Hier finden Sie detaillierte Informationen zu allen wichtigen Fristen und Terminen auf einen Blick.<\/p>\n","protected":false},"author":11,"featured_media":0,"parent":10000013,"menu_order":11,"comment_status":"closed","ping_status":"closed","template":"","meta":{"_acf_changed":false,"footnotes":""},"acf":[],"aioseo_notices":[],"_links":{"self":[{"href":"https:\/\/www.fh-joanneum.at\/visuelle-kommunikation-und-bildmanagement\/postgraduate\/wp-json\/wp\/v2\/pages\/10000014"}],"collection":[{"href":"https:\/\/www.fh-joanneum.at\/visuelle-kommunikation-und-bildmanagement\/postgraduate\/wp-json\/wp\/v2\/pages"}],"about":[{"href":"https:\/\/www.fh-joanneum.at\/visuelle-kommunikation-und-bildmanagement\/postgraduate\/wp-json\/wp\/v2\/types\/page"}],"author":[{"embeddable":true,"href":"https:\/\/www.fh-joanneum.at\/visuelle-kommunikation-und-bildmanagement\/postgraduate\/wp-json\/wp\/v2\/users\/11"}],"replies":[{"embeddable":true,"href":"https:\/\/www.fh-joanneum.at\/visuelle-kommunikation-und-bildmanagement\/postgraduate\/wp-json\/wp\/v2\/comments?post=10000014"}],"version-history":[{"count":0,"href":"https:\/\/www.fh-joanneum.at\/visuelle-kommunikation-und-bildmanagement\/postgraduate\/wp-json\/wp\/v2\/pages\/10000014\/revisions"}],"up":[{"embeddable":true,"href":"https:\/\/www.fh-joanneum.at\/visuelle-kommunikation-und-bildmanagement\/postgraduate\/wp-json\/wp\/v2\/pages\/10000013"}],"wp:attachment":[{"href":"https:\/\/www.fh-joanneum.at\/visuelle-kommunikation-und-bildmanagement\/postgraduate\/wp-json\/wp\/v2\/media?parent=10000014"}],"curies":[{"name":"wp","href":"https:\/\/api.w.org\/{rel}","templated":true}]}}