{"id":10000017,"date":"2017-01-23T17:35:07","date_gmt":"2017-01-23T16:35:07","guid":{"rendered":"https:\/\/www.fh-joanneum.at\/visuelle-kommunikation-und-bildmanagement\/master\/?page_id=17"},"modified":"2023-11-17T14:52:11","modified_gmt":"2023-11-17T13:52:11","slug":"bewerbung","status":"publish","type":"page","link":"https:\/\/www.fh-joanneum.at\/visuelle-kommunikation-und-bildmanagement\/postgraduate\/vor-dem-studium\/bewerbung\/","title":{"rendered":"Bewerbung &amp; Gespr\u00e4ch"},"content":{"rendered":"<div id=\"\" class=\"wp-block-text-content margin-bottom-none\">\n    <div class=\"container-lg\">\n        <div class=\"row\">\n            <div class=\"col\">\n                <div class=\"module-migration-headline\">\n<h3>Bewerbung<\/h3>\n<\/div>\n\n            <\/div>\n        <\/div>\n            <\/div>\n<\/div>\n\n<div id=\"\" class=\"wp-block-text-content margin-bottom-normal\">\n    <div class=\"container-lg\">\n        <div class=\"row\">\n            <div class=\"col\">\n                <h5>Die n&ouml;tigen Unterlagen:<\/h5>\n<ul>\n<li>Bewerbungsschreiben \/ Motivationsschreiben<\/li>\n<li>Lebenslauf<\/li>\n<li>Nachweis &uuml;ber ein abgeschlossenes Bachelorstudium (180 ECTS)<\/li>\n<li>Kopie des Staatsb&uuml;rgerschaftsnachweises oder des Reisepasses<\/li>\n<li>Nachweis der allgemeinen Hochschulreife oder Studienberechtigungspr&uuml;fung<\/li>\n<\/ul>\n\n            <\/div>\n        <\/div>\n            <\/div>\n<\/div>\n\n<div\n    id=\"\"\n    class=\"wp-block-tipp-box margin-bottom-normal\"\n>\n    <div class=\"container-lg\">\n        <div class=\"row\">\n            <div class=\"col\">\n                <div class=\"tipp-box border border-warning\">\n                    <div class=\"tipp-box-inner p-2 p-md-3\">\n                        <h4 class=\"\">Tipp<\/h4>\n                        <p>Falls Sie die Dokumente (Bachelor- oder Diplomurkunde) zum Zeitpunkt der Bewerbung noch nicht haben, k\u00f6nnen Sie diese bis zum Studienbeginn nachreichen.<\/p>\n\n                    <\/div>\n                <\/div>\n            <\/div>\n        <\/div>\n    <\/div>\n<\/div>\n\n<div\n    id=\"\"\n    class=\"wp-block-tipp-box margin-bottom-normal\"\n>\n    <div class=\"container-lg\">\n        <div class=\"row\">\n            <div class=\"col\">\n                <div class=\"tipp-box border border-info\">\n                    <div class=\"tipp-box-inner p-2 p-md-3\">\n                        <h4 class=\"\">Hinweis<\/h4>\n                        <p><strong>Welche Regeln gelten f\u00fcr internationalen Dokumente?<\/strong> <\/p>\n<p>F\u00fcr nicht-\u00f6sterreichische Dokumente gibt es Sonderregeln. Diese m\u00fcssen Sie einhalten, damit Ihre Bewerbung akzeptiert werden kann. Welche Richtlinien einzuhalten sind, h\u00e4ngt davon ab, in welchem Land die Dokumente ausgestellt wurden: <a href=\"https:\/\/www.fh-joanneum.at\/beglaubigungs-und-uebersetzungsrichtlinien\/\">Beglaubigungs- und \u00dcbersetzungsrichtlinien nach L\u00e4ndern<\/a>. <\/p>\n\n                    <\/div>\n                <\/div>\n            <\/div>\n        <\/div>\n    <\/div>\n<\/div>\n\n\n<div id=\"\" class=\"wp-block-text-content margin-bottom-normal\">\n    <div class=\"container-lg\">\n        <div class=\"row\">\n            <div class=\"col\">\n                <h4>Beratung<\/h4>\n<p>Bei Interesse an einem Studienplatz bitte um Kontaktaufnahme mit der Lehrgangsleitung unter <a href=\"mailto:vis@fh-joanneum.at\">vis@fh-joanneum.at<\/a>.<\/p>\n\n            <\/div>\n        <\/div>\n            <\/div>\n<\/div>\n\n<div id=\"\" class=\"wp-block-text-content margin-bottom-normal\">\n    <div class=\"container-lg\">\n        <div class=\"row\">\n            <div class=\"col\">\n                <h5>Einladung zum pers&ouml;nlichen Gespr&auml;ch<\/h5>\n<p>Ihre Bewerbung wird von der Lehrgangsleitung &uuml;berpr&uuml;ft. Alle Bewerber:innen, die die formalen Voraussetzungen erf&uuml;llen, werden zu einem pers&ouml;nlichen Gespr&auml;ch eingeladen. Diese Gespr&auml;che finden laufend statt. <\/p>\n\n            <\/div>\n        <\/div>\n            <\/div>\n<\/div>\n\n","protected":false},"excerpt":{"rendered":"<p>Hier erfahren Sie, wie Sie sich f\u00fcr den Hochschullehrgang bewerben.<\/p>\n","protected":false},"author":11,"featured_media":0,"parent":10000013,"menu_order":13,"comment_status":"closed","ping_status":"closed","template":"","meta":{"_acf_changed":false,"footnotes":""},"acf":[],"aioseo_notices":[],"_links":{"self":[{"href":"https:\/\/www.fh-joanneum.at\/visuelle-kommunikation-und-bildmanagement\/postgraduate\/wp-json\/wp\/v2\/pages\/10000017"}],"collection":[{"href":"https:\/\/www.fh-joanneum.at\/visuelle-kommunikation-und-bildmanagement\/postgraduate\/wp-json\/wp\/v2\/pages"}],"about":[{"href":"https:\/\/www.fh-joanneum.at\/visuelle-kommunikation-und-bildmanagement\/postgraduate\/wp-json\/wp\/v2\/types\/page"}],"author":[{"embeddable":true,"href":"https:\/\/www.fh-joanneum.at\/visuelle-kommunikation-und-bildmanagement\/postgraduate\/wp-json\/wp\/v2\/users\/11"}],"replies":[{"embeddable":true,"href":"https:\/\/www.fh-joanneum.at\/visuelle-kommunikation-und-bildmanagement\/postgraduate\/wp-json\/wp\/v2\/comments?post=10000017"}],"version-history":[{"count":0,"href":"https:\/\/www.fh-joanneum.at\/visuelle-kommunikation-und-bildmanagement\/postgraduate\/wp-json\/wp\/v2\/pages\/10000017\/revisions"}],"up":[{"embeddable":true,"href":"https:\/\/www.fh-joanneum.at\/visuelle-kommunikation-und-bildmanagement\/postgraduate\/wp-json\/wp\/v2\/pages\/10000013"}],"wp:attachment":[{"href":"https:\/\/www.fh-joanneum.at\/visuelle-kommunikation-und-bildmanagement\/postgraduate\/wp-json\/wp\/v2\/media?parent=10000017"}],"curies":[{"name":"wp","href":"https:\/\/api.w.org\/{rel}","templated":true}]}}