{"id":10000065,"date":"2017-01-25T12:20:06","date_gmt":"2017-01-25T11:20:06","guid":{"rendered":"https:\/\/www.fh-joanneum.at\/visuelle-kommunikation-und-bildmanagement\/postgraduate\/?page_id=65"},"modified":"2023-11-17T10:22:11","modified_gmt":"2023-11-17T09:22:11","slug":"das-studium","status":"publish","type":"page","link":"https:\/\/www.fh-joanneum.at\/visuelle-kommunikation-und-bildmanagement\/postgraduate\/im-studium\/das-studium\/","title":{"rendered":"Das Studium"},"content":{"rendered":"<div\n    id=\"\"\n    class=\"wp-block-blockquote margin-bottom-normal\"\n>\n    <div class=\"container-lg\">\n        <div class=\"row\">\n            <div class=\"col\">\n                <div class=\"d-block mb-2 fs-5 major-text-color\">Die fundierte Vermittlung von Bildkompetenz schl\u00e4gt eine Br\u00fccke zwischen Theorie und Praxis und schafft damit die Basis f\u00fcr die experimentelle Kreation von visuellen Bilderwelten.<br \/>\r\n<br \/>\r\n<br \/>\r\n<br \/>\r\n<\/div>\n                <span class=\"d-flex justify-content-end\">Lehrgangsleiter FH-Doz. Dietmar Mosbacher, MSc.<\/span>\n            <\/div>\n        <\/div>\n    <\/div>\n<\/div>\n\n<div id=\"\" class=\"wp-block-text-content margin-bottom-normal\">\n    <div class=\"container-lg\">\n        <div class=\"row\">\n            <div class=\"col\">\n                <p>Der Hochschullehrgang &bdquo;Visuelle Kommunikation und Bildmanagement&ldquo; stellt das Bild in den Mittelpunkt und erm&ouml;glicht den Studierenden eine pers&ouml;nlich-kreative Auseinandersetzung mit gesellschaftlich relevanten Themen mittels bildfokussierter Gestaltung. Unter Einbeziehung kultureller, sozialer und &ouml;kologischer Entwicklungen werden in experimenteller Weise generierte Ideen und Konzepte in visueller Form umgesetzt. Visuelle Kommunikation macht dabei die Botschaft verst&auml;ndlicher, &uuml;berzeugender und wirksamer. <\/p>\n<p>Der berufsbegleitende Lehrgang vermittelt in einem kreativen Umfeld sowohl konzeptionelles wie auch produzierendes Gestaltungs-Know-how und und f&uuml;hrt in vier Semestern zum akademischen Grad &bdquo;Master of Arts (Continuing Education)&ldquo;.<\/p>\n<h5>Schwerpunkte des Lehrgangs<\/h5>\n<ul>\n<li>Visual Studies<\/li>\n<li>Grafikdesign<\/li>\n<li>Fotografie &amp; Bewegtbild<\/li>\n<li>Experimentielle Konzeption<\/li>\n<li>Infografik &amp; Datenvisualisierung<\/li>\n<li>Visual Culture &amp; Ethics<\/li>\n<li>Social Media &amp; Campaigning<\/li>\n<li>Visuelle Content-Strategien<\/li>\n<li>Individuelle Vertiefungsm&ouml;glichkeit<\/li>\n<\/ul>\n<p>Der kreative Schaffungsprozess wie auch die experimentelle Umsetzung der visuellen Strategien stehen im Mittelpunkt des Lehrgangs.<\/p>\n\n            <\/div>\n        <\/div>\n            <\/div>\n<\/div>\n\n<div\n    id=\"\"\n    class=\"wp-block-blockquote margin-bottom-normal\"\n>\n    <div class=\"container-lg\">\n        <div class=\"row\">\n            <div class=\"col\">\n                <div class=\"d-block mb-2 fs-5 major-text-color\">Wir experimentieren, diskutieren, konzipieren und gestalten gemeinsam. Das f\u00f6rdert den Erfahrungsaustausch innerhalb der Gruppe der Studierenden.<br \/>\r\n<\/div>\n                <span class=\"d-flex justify-content-end\">Studierende arbeiten gemeinsam an innovativen Visuals<\/span>\n            <\/div>\n        <\/div>\n    <\/div>\n<\/div>\n\n<div id=\"\" class=\"wp-block-text-content margin-bottom-normal\">\n    <div class=\"container-lg\">\n        <div class=\"row\">\n            <div class=\"col\">\n                <h5>Visuelle Bilderwelten<\/h5>\n<p>Unternehmen brauchen strategische Bilderwelten, um im Wettbewerb bestehen zu k&ouml;nnen. Der Hochullehrgang vermittelt Ihnen die Kompetenzen, wie man visuelle Kommunikationsstrategien plant, visuellen Content optimiert und in den sozialen Medien umsetzt. Sie befassen sich zudem mit Visual Branding, Bild&auml;sthetik oder Bildsprache und diskutieren ethische Aspekte der visuellen Kommunikation. Sie visualisieren Daten mittels Infografiken, fotografieren und arbeiten mit Bewegtbildern. In den Projektarbeiten haben Sie die M&ouml;glichkeit, Ihr theoretisches Wissen der visuellen Kommunikation praxisnah anzuwenden.<\/p>\n\n            <\/div>\n        <\/div>\n            <\/div>\n<\/div>\n\n<div\n    id=\"\"\n    class=\"wp-block-blockquote margin-bottom-normal\"\n>\n    <div class=\"container-lg\">\n        <div class=\"row\">\n            <div class=\"col\">\n                <div class=\"d-block mb-2 fs-5 major-text-color\">Bilder lassen bei wichtigen Bezugsgruppen ein einzigartiges, lebendiges inneres Bild der Organisation entstehen. Gerade f\u00fcr KMU ist es <br \/>\r\nessenziell, sich durch einen starken visuellen Auftritt von Wettbewerbern abzuheben. Dabei gilt: Nicht noch mehr Bilder zeigen, sondern andere. Nicht lauter rufen, sondern Bedeutendes bieten.\u201c<br \/>\r\n<\/div>\n                <span class=\"d-flex justify-content-end\">Prof. Dr. Dieter Georg Adlmaier-Herbst<\/span>\n            <\/div>\n        <\/div>\n    <\/div>\n<\/div>\n\n<div id=\"\" class=\"wp-block-text-content margin-bottom-normal\">\n    <div class=\"container-lg\">\n        <div class=\"row\">\n            <div class=\"col\">\n                <h5>Integrierte Visuelle Kommunikation<\/h5>\n<p>Die fundierte Vermittlung von Bildkompetenz in diesem Lehrgang schl&auml;gt eine Br&uuml;cke zwischen Theorie und Praxis. Expert:innen der visuellen Kommunikation und des Bildmanagements vermitteln Ihnen mit dem R&uuml;ckgriff auf Bildtheorien in praxisbezogenen, angewandten Lehrveranstaltungen das n&ouml;tige Know-how, um sich in diesem Bereich weiter zu qualifizieren. <\/p>\n<p>Die Besonderheit ist dabei der innovative Ansatz des Lehrgangs. Integrierte Visuelle Kommunikation nennt sich das wissenschaftliche Modell, das an der FH JOANNEUM entwickelt wurde und den Teilnehmer:innen von &bdquo;Visuelle Kommunikation und Bildmanagement&ldquo; exklusiv vermittelt wird. Das Entscheidende: Der Hochschullehrgang setzt nicht wie &uuml;blich separate Schwerpunkte, sondern stimmt die einzelnen visuellen Komponenten &minus; Fotos, Videos, Infografiken und mehr &minus; miteinander zu einem wirkungsvollen, ganzheitlichen Erscheinungsbild ab. Dadurch bieten sich neue Chancen f&uuml;r effizientze visuelle Kommunikation, um mehr Aufmerksamkeit f&uuml;r die eigenen Inhalte zu erzeugen. <\/p>\n\n            <\/div>\n        <\/div>\n            <\/div>\n<\/div>\n\n<div\n    id=\"\"\n    class=\"wp-block-downloads margin-bottom-normal\"\n>\n    <div class=\"container-lg\">\n        <div class=\"row\">\n                                                                                    <\/div>\n    <\/div>\n<\/div>\n\n\n","protected":false},"excerpt":{"rendered":"<p>Durch eine inhaltlich umfangreiche und fachlich fundierte Ausbildung schaffen wir die Basis f\u00fcr Ihre berufliche Zukunft. Welche allgemeinen Inhalte, fachlichen Themen und spezifischen Schwerpunkte Sie am Lehrgang erwarten, erfahren Sie hier.<\/p>\n","protected":false},"author":11,"featured_media":10000284,"parent":10000030,"menu_order":21,"comment_status":"closed","ping_status":"closed","template":"","meta":{"_acf_changed":false,"footnotes":""},"acf":[],"aioseo_notices":[],"_links":{"self":[{"href":"https:\/\/www.fh-joanneum.at\/visuelle-kommunikation-und-bildmanagement\/postgraduate\/wp-json\/wp\/v2\/pages\/10000065"}],"collection":[{"href":"https:\/\/www.fh-joanneum.at\/visuelle-kommunikation-und-bildmanagement\/postgraduate\/wp-json\/wp\/v2\/pages"}],"about":[{"href":"https:\/\/www.fh-joanneum.at\/visuelle-kommunikation-und-bildmanagement\/postgraduate\/wp-json\/wp\/v2\/types\/page"}],"author":[{"embeddable":true,"href":"https:\/\/www.fh-joanneum.at\/visuelle-kommunikation-und-bildmanagement\/postgraduate\/wp-json\/wp\/v2\/users\/11"}],"replies":[{"embeddable":true,"href":"https:\/\/www.fh-joanneum.at\/visuelle-kommunikation-und-bildmanagement\/postgraduate\/wp-json\/wp\/v2\/comments?post=10000065"}],"version-history":[{"count":0,"href":"https:\/\/www.fh-joanneum.at\/visuelle-kommunikation-und-bildmanagement\/postgraduate\/wp-json\/wp\/v2\/pages\/10000065\/revisions"}],"up":[{"embeddable":true,"href":"https:\/\/www.fh-joanneum.at\/visuelle-kommunikation-und-bildmanagement\/postgraduate\/wp-json\/wp\/v2\/pages\/10000030"}],"wp:featuredmedia":[{"embeddable":true,"href":"https:\/\/www.fh-joanneum.at\/visuelle-kommunikation-und-bildmanagement\/postgraduate\/wp-json\/wp\/v2\/media\/10000284"}],"wp:attachment":[{"href":"https:\/\/www.fh-joanneum.at\/visuelle-kommunikation-und-bildmanagement\/postgraduate\/wp-json\/wp\/v2\/media?parent=10000065"}],"curies":[{"name":"wp","href":"https:\/\/api.w.org\/{rel}","templated":true}]}}