{"id":10000172,"date":"2018-05-29T13:40:27","date_gmt":"2018-05-29T11:40:27","guid":{"rendered":"https:\/\/www.fh-joanneum.at\/visuelle-kommunikation-und-bildmanagement\/postgraduate\/?page_id=172"},"modified":"2023-10-24T14:44:38","modified_gmt":"2023-10-24T12:44:38","slug":"beruf-und-lehrgang-verbinden","status":"publish","type":"page","link":"https:\/\/www.fh-joanneum.at\/visuelle-kommunikation-und-bildmanagement\/postgraduate\/im-studium\/beruf-und-lehrgang-verbinden\/","title":{"rendered":"Beruf und Lehrgang verbinden"},"content":{"rendered":"<div id=\"\" class=\"wp-block-text-content margin-bottom-normal\">\n    <div class=\"container-lg\">\n        <div class=\"row\">\n            <div class=\"col\">\n                <p>Wovon profitieren die Studierenden von &bdquo;Visuelle Kommunikation und Bildmanagement&rdquo; bereits w&auml;hrend des Studiums? Wie gestaltet sich die gemeinsame Arbeit mit Menschen unterschiedlichster Alters- und Berufsgruppen? Welche Rolle spielt ausgefeiltes Zeitmanagement und aus welchen Gr&uuml;nden haben die Studierenden sich f&uuml;r diesenHochschullehrgang entschieden? Erfahren sie aus erster Hand, wie sich das Leben am Lehrgang darstellt.<\/p>\n\n            <\/div>\n        <\/div>\n            <\/div>\n<\/div>\n\n<div id=\"\" class=\"wp-block-list-of-graduates margin-bottom-normal\">\n  <div class=\"container-lg\">\n    <div class=\"row\">\n                        <div class=\"col-6 col-sm-4 col-md-6 col-lg-4 col-xl-4 mb-4\">\n            <a\n    href=\"https:\/\/www.fh-joanneum.at\/visuelle-kommunikation-und-bildmanagement\/postgraduate\/im-studium\/beruf-und-lehrgang-verbinden\/di-ingo-fritsch-ba\/\"\n    class=\"graduate-card bg-light\"\n>\n    <div class=\"border border-light h-100\">\n        <div class=\"image-wrapper\">\n            <picture>\n                        <source\n                media=\"(max-width: 424px)\"\n                srcset=\"https:\/\/cdn3.fh-joanneum.at\/media\/sites\/65\/2021\/01\/ingo-fritsch-2.jpg, https:\/\/cdn3.fh-joanneum.at\/media\/sites\/65\/2021\/01\/ingo-fritsch-2-768x1044.jpg 2x\"\n            \/>\n                    <source\n                media=\"(max-width: 768px)\"\n                srcset=\"https:\/\/cdn3.fh-joanneum.at\/media\/sites\/65\/2021\/01\/ingo-fritsch-2-768x1044.jpg, https:\/\/cdn3.fh-joanneum.at\/media\/sites\/65\/2021\/01\/ingo-fritsch-2-753x1024.jpg 2x\"\n            \/>\n                    <source\n                media=\"(max-width: 753px)\"\n                srcset=\"https:\/\/cdn3.fh-joanneum.at\/media\/sites\/65\/2021\/01\/ingo-fritsch-2-753x1024.jpg, https:\/\/cdn3.fh-joanneum.at\/media\/sites\/65\/2021\/01\/ingo-fritsch-2.jpg 2x\"\n            \/>\n                    <source\n                media=\"(max-width: 1130px)\"\n                srcset=\"https:\/\/cdn3.fh-joanneum.at\/media\/sites\/65\/2021\/01\/ingo-fritsch-2.jpg, https:\/\/cdn3.fh-joanneum.at\/media\/sites\/65\/2021\/01\/ingo-fritsch-2.jpg 2x\"\n            \/>\n                    <source\n                media=\"(max-width: 1507px)\"\n                srcset=\"https:\/\/cdn3.fh-joanneum.at\/media\/sites\/65\/2021\/01\/ingo-fritsch-2.jpg, https:\/\/cdn3.fh-joanneum.at\/media\/sites\/65\/2021\/01\/ingo-fritsch-2.jpg 2x\"\n            \/>\n                <img decoding=\"async\"\n        class=\"img-fluid\"\n        src=\"https:\/\/cdn3.fh-joanneum.at\/media\/sites\/65\/2021\/01\/ingo-fritsch-2.jpg\"\n        alt=\"Ingo Fritsch 1\"\n        title=\"\"\n         loading=\"lazy\"             >\n<\/picture>\n\n        <\/div>\n        <div class=\"p-2 p-xl-3\">\n            <h6>DI Ingo Fritsch, BA<\/h6>\n            <p class=\"mb-0 hyphens\">\n                Vor Kurzem hat Ingo Fritsch mit einem Freund eine Werbeagentur in Salzburg gegr\u00fcndet. Im Interview erz\u00e4hlt er \u00fcber den Masterlehrgang und wie er Studium und Beruf verbindet.\n            <\/p>\n        <\/div>\n    <\/div>\n<\/a>\n          <\/div>\n                  <div class=\"col-6 col-sm-4 col-md-6 col-lg-4 col-xl-4 mb-4\">\n            <a\n    href=\"https:\/\/www.fh-joanneum.at\/visuelle-kommunikation-und-bildmanagement\/postgraduate\/im-studium\/beruf-und-lehrgang-verbinden\/niklas-sieger-ba\/\"\n    class=\"graduate-card bg-light\"\n>\n    <div class=\"border border-light h-100\">\n        <div class=\"image-wrapper\">\n            <picture>\n                        <source\n                media=\"(max-width: 576px)\"\n                srcset=\"https:\/\/cdn3.fh-joanneum.at\/media\/sites\/65\/2018\/05\/niklas-sieger-ba-e1527507106852.jpg, https:\/\/cdn3.fh-joanneum.at\/media\/sites\/65\/2018\/05\/niklas-sieger-ba-e1527507106852-768x768.jpg 2x\"\n            \/>\n                    <source\n                media=\"(max-width: 768px)\"\n                srcset=\"https:\/\/cdn3.fh-joanneum.at\/media\/sites\/65\/2018\/05\/niklas-sieger-ba-e1527507106852-768x768.jpg, https:\/\/cdn3.fh-joanneum.at\/media\/sites\/65\/2018\/05\/niklas-sieger-ba-e1527507106852-1024x1024.jpg 2x\"\n            \/>\n                    <source\n                media=\"(max-width: 1024px)\"\n                srcset=\"https:\/\/cdn3.fh-joanneum.at\/media\/sites\/65\/2018\/05\/niklas-sieger-ba-e1527507106852-1024x1024.jpg, https:\/\/cdn3.fh-joanneum.at\/media\/sites\/65\/2018\/05\/niklas-sieger-ba-e1527507106852.jpg 2x\"\n            \/>\n                    <source\n                media=\"(max-width: 1536px)\"\n                srcset=\"https:\/\/cdn3.fh-joanneum.at\/media\/sites\/65\/2018\/05\/niklas-sieger-ba-e1527507106852.jpg, https:\/\/cdn3.fh-joanneum.at\/media\/sites\/65\/2018\/05\/niklas-sieger-ba-e1527507106852.jpg 2x\"\n            \/>\n                    <source\n                media=\"(max-width: 2048px)\"\n                srcset=\"https:\/\/cdn3.fh-joanneum.at\/media\/sites\/65\/2018\/05\/niklas-sieger-ba-e1527507106852.jpg, https:\/\/cdn3.fh-joanneum.at\/media\/sites\/65\/2018\/05\/niklas-sieger-ba-e1527507106852.jpg 2x\"\n            \/>\n                <img decoding=\"async\"\n        class=\"img-fluid\"\n        src=\"https:\/\/cdn3.fh-joanneum.at\/media\/sites\/65\/2018\/05\/niklas-sieger-ba-e1527507106852.jpg\"\n        alt=\"Niklas Sieger BA\"\n        title=\"\"\n         loading=\"lazy\"             >\n<\/picture>\n\n        <\/div>\n        <div class=\"p-2 p-xl-3\">\n            <h6>Niklas Sieger, BA MA<\/h6>\n            <p class=\"mb-0 hyphens\">\n                Absolvent Niklas Sieger \u00fcber seine Erfahrungen im Lehrgang \u201eVisuelle Kommunikation und Bildmanagement&#8221;.\n            <\/p>\n        <\/div>\n    <\/div>\n<\/a>\n          <\/div>\n                  <div class=\"col-6 col-sm-4 col-md-6 col-lg-4 col-xl-4 mb-4\">\n            <a\n    href=\"https:\/\/www.fh-joanneum.at\/visuelle-kommunikation-und-bildmanagement\/postgraduate\/im-studium\/beruf-und-lehrgang-verbinden\/daniela-schmid-ba\/\"\n    class=\"graduate-card bg-light\"\n>\n    <div class=\"border border-light h-100\">\n        <div class=\"image-wrapper\">\n            <picture>\n                        <source\n                media=\"(max-width: 480px)\"\n                srcset=\"https:\/\/cdn3.fh-joanneum.at\/media\/sites\/65\/2018\/05\/daniela-schmid-e1527499736875.png, https:\/\/cdn3.fh-joanneum.at\/media\/sites\/65\/2018\/05\/daniela-schmid-e1527499736875.png 2x\"\n            \/>\n                    <source\n                media=\"(max-width: 480px)\"\n                srcset=\"https:\/\/cdn3.fh-joanneum.at\/media\/sites\/65\/2018\/05\/daniela-schmid-e1527499736875.png, https:\/\/cdn3.fh-joanneum.at\/media\/sites\/65\/2018\/05\/daniela-schmid-e1527499736875.png 2x\"\n            \/>\n                    <source\n                media=\"(max-width: 480px)\"\n                srcset=\"https:\/\/cdn3.fh-joanneum.at\/media\/sites\/65\/2018\/05\/daniela-schmid-e1527499736875.png, https:\/\/cdn3.fh-joanneum.at\/media\/sites\/65\/2018\/05\/daniela-schmid-e1527499736875.png 2x\"\n            \/>\n                    <source\n                media=\"(max-width: 480px)\"\n                srcset=\"https:\/\/cdn3.fh-joanneum.at\/media\/sites\/65\/2018\/05\/daniela-schmid-e1527499736875.png, https:\/\/cdn3.fh-joanneum.at\/media\/sites\/65\/2018\/05\/daniela-schmid-e1527499736875.png 2x\"\n            \/>\n                    <source\n                media=\"(max-width: 480px)\"\n                srcset=\"https:\/\/cdn3.fh-joanneum.at\/media\/sites\/65\/2018\/05\/daniela-schmid-e1527499736875.png, https:\/\/cdn3.fh-joanneum.at\/media\/sites\/65\/2018\/05\/daniela-schmid-e1527499736875.png 2x\"\n            \/>\n                <img decoding=\"async\"\n        class=\"img-fluid\"\n        src=\"https:\/\/cdn3.fh-joanneum.at\/media\/sites\/65\/2018\/05\/daniela-schmid-e1527499736875.png\"\n        alt=\"Daniela Schmid\"\n        title=\"\"\n         loading=\"lazy\"             >\n<\/picture>\n\n        <\/div>\n        <div class=\"p-2 p-xl-3\">\n            <h6>Daniela Schmid, BA MA<\/h6>\n            <p class=\"mb-0 hyphens\">\n                Absolventin Daniela Schmid \u00fcber Ihre Erfahrungen im Lehrgang \u201eVisuelle Kommunikation und Bildmanagement&#8221;.\n            <\/p>\n        <\/div>\n    <\/div>\n<\/a>\n          <\/div>\n                  <\/div>\n  <\/div>\n<\/div>\n\n","protected":false},"excerpt":{"rendered":"<p>So bringen Studentinnen und Studenten von \u201eVisuelle Kommunikation und Bildmanagement&#8221; ihren Beruf und ihre Ausbildung in Einklang.<\/p>\n","protected":false},"author":103,"featured_media":0,"parent":10000030,"menu_order":25,"comment_status":"closed","ping_status":"closed","template":"","meta":{"_acf_changed":false,"footnotes":""},"acf":[],"aioseo_notices":[],"_links":{"self":[{"href":"https:\/\/www.fh-joanneum.at\/visuelle-kommunikation-und-bildmanagement\/postgraduate\/wp-json\/wp\/v2\/pages\/10000172"}],"collection":[{"href":"https:\/\/www.fh-joanneum.at\/visuelle-kommunikation-und-bildmanagement\/postgraduate\/wp-json\/wp\/v2\/pages"}],"about":[{"href":"https:\/\/www.fh-joanneum.at\/visuelle-kommunikation-und-bildmanagement\/postgraduate\/wp-json\/wp\/v2\/types\/page"}],"author":[{"embeddable":true,"href":"https:\/\/www.fh-joanneum.at\/visuelle-kommunikation-und-bildmanagement\/postgraduate\/wp-json\/wp\/v2\/users\/103"}],"replies":[{"embeddable":true,"href":"https:\/\/www.fh-joanneum.at\/visuelle-kommunikation-und-bildmanagement\/postgraduate\/wp-json\/wp\/v2\/comments?post=10000172"}],"version-history":[{"count":0,"href":"https:\/\/www.fh-joanneum.at\/visuelle-kommunikation-und-bildmanagement\/postgraduate\/wp-json\/wp\/v2\/pages\/10000172\/revisions"}],"up":[{"embeddable":true,"href":"https:\/\/www.fh-joanneum.at\/visuelle-kommunikation-und-bildmanagement\/postgraduate\/wp-json\/wp\/v2\/pages\/10000030"}],"wp:attachment":[{"href":"https:\/\/www.fh-joanneum.at\/visuelle-kommunikation-und-bildmanagement\/postgraduate\/wp-json\/wp\/v2\/media?parent=10000172"}],"curies":[{"name":"wp","href":"https:\/\/api.w.org\/{rel}","templated":true}]}}