{"id":10000324,"date":"2015-07-13T15:44:28","date_gmt":"2015-07-13T13:44:28","guid":{"rendered":"https:\/\/www.fh-joanneum.at\/informationsmanagement\/bachelor\/?page_id=324"},"modified":"2022-02-16T17:07:44","modified_gmt":"2022-02-16T15:07:44","slug":"studienabschluss","status":"publish","type":"page","link":"https:\/\/www.fh-joanneum.at\/wirtschaftsinformatik\/bachelor\/im-studium\/studienabschluss\/","title":{"rendered":"Studienabschluss"},"content":{"rendered":"<div id=\"\" class=\"wp-block-text-content margin-bottom-none\">\n    <div class=\"container-lg\">\n        <div class=\"row\">\n            <div class=\"col\">\n                <div class=\"module-migration-headline\">\n<h3>Voraussetzungen f&uuml;r den Studienabschluss<\/h3>\n<\/div>\n\n            <\/div>\n        <\/div>\n            <\/div>\n<\/div>\n\n<div id=\"\" class=\"wp-block-text-content margin-bottom-normal\">\n    <div class=\"container-lg\">\n        <div class=\"row\">\n            <div class=\"col\">\n                <p>Um das Studium erfolgreich abzuschlie&szlig;en, m&uuml;ssen Sie:<\/p>\n<ul>\n<li>alle Lehrveranstaltungen positiv absolvieren<\/li>\n<li>eine Bachelorarbeit verfassen, die positiv bewertet werden muss<\/li>\n<li>die kommissionelle Bachelorpr&uuml;fung positiv ablegen<\/li>\n<\/ul>\n<p>Sie schlie&szlig;en das Studium mit dem akademischen Grad &bdquo;Bachelor of Science in Engineering (BSc)&ldquo;.<\/p>\n\n            <\/div>\n        <\/div>\n            <\/div>\n<\/div>\n\n<div id=\"\" class=\"wp-block-text-content margin-bottom-none\">\n    <div class=\"container-lg\">\n        <div class=\"row\">\n            <div class=\"col\">\n                <div class=\"module-migration-headline\">\n<h4>Bachelorarbeit<\/h4>\n<\/div>\n\n            <\/div>\n        <\/div>\n            <\/div>\n<\/div>\n\n<div id=\"\" class=\"wp-block-text-content margin-bottom-normal\">\n    <div class=\"container-lg\">\n        <div class=\"row\">\n            <div class=\"col\">\n                <p>Im f&uuml;nften Semester ist eine praxisorientierte Bachelorarbeit zu verfassen, die der Lehrveranstaltung &bdquo;Bereichs&uuml;bergreifende Projektarbeit&ldquo; zugeordnet ist. Die Arbeit entsteht zwar im Kontext der Lehrveranstaltung, ist aber als eigenst&auml;ndige Arbeit anzusehen. Es sind theoretische Hintergr&uuml;nde des jeweiligen Projekts zu erarbeiten. Aspekte der Umsetzung sind darzustellen, mit der Theorie in Beziehung zu bringen und kritisch zu reflektieren. Nachdem die Themenwahl im Projektkontext getroffen wird, ist eine Mitsprache der Studierenden bei der Themenfindung m&ouml;glich.<\/p>\n<p>Zu Beginn der Arbeit wird ein Expos&eacute; erstellt, das von der Betreuerin oder dem Betreuer freigegeben wird. F&uuml;r die Betreuung der Bachelorarbeit stehen die hauptberuflich Lehrenden und die wissenschaftlichen Mitarbeiterinnen und Mitarbeiter des Studiengangs zur Verf&uuml;gung. Dar&uuml;ber hinaus ist eine Vernetzung der Betreuerinnen und Betreuer aus den verschiedenen Fachbereichen m&ouml;glich. <\/p>\n<p>Die Bachelorarbeit ist grunds&auml;tzlich eine eigenst&auml;ndige Einzelarbeit. Sollten in Ausnahmef&auml;llen Themen gemeinsam bearbeitet werden, m&uuml;ssen die Leistungen der beteiligten Studierenden gesondert beurteilbar bleiben.<\/p>\n\n            <\/div>\n        <\/div>\n            <\/div>\n<\/div>\n\n<div id=\"\" class=\"wp-block-text-content margin-bottom-none\">\n    <div class=\"container-lg\">\n        <div class=\"row\">\n            <div class=\"col\">\n                <div class=\"module-migration-headline\">\n<h4>Bachelorpr&uuml;fung<\/h4>\n<\/div>\n\n            <\/div>\n        <\/div>\n            <\/div>\n<\/div>\n\n<div id=\"\" class=\"wp-block-text-content margin-bottom-normal\">\n    <div class=\"container-lg\">\n        <div class=\"row\">\n            <div class=\"col\">\n                <p>Die Bachelorpr&uuml;fung wird nach Verfassen und positiver Bewertung der Bachelorarbeit sowie nach Abschluss des Berufspraktikums am Ende des sechsten Semesters absolviert.<\/p>\n<p>Die Pr&uuml;fung ist eine kommissionelle Pr&uuml;fung mit einer beziehungsweise einem Vorsitzenden (in der Regel die Studiengangsleitung) und den Betreuerinnen und Betreuern der Bachelorarbeit. Die kleinste Pr&uuml;fungskommission besteht aus drei Pr&uuml;ferinnen beziehungsweise Pr&uuml;fer, die gr&ouml;&szlig;tm&ouml;gliche aus vier.<\/p>\n<p>In der Bachelorpr&uuml;fung wird die Abschlussarbeit pr&auml;sentiert und es erfolgt dazu ein Pr&uuml;fungsgespr&auml;ch &uuml;ber die Arbeit sowie deren Querverbindungen zu relevanten F&auml;chern des Studienplans. Die Pr&uuml;fung dauert 45 Minuten.<\/p>\n\n            <\/div>\n        <\/div>\n            <\/div>\n<\/div>\n\n<div id=\"\" class=\"wp-block-text-content margin-bottom-none\">\n    <div class=\"container-lg\">\n        <div class=\"row\">\n            <div class=\"col\">\n                <div class=\"module-migration-headline\">\n<h3>Nach dem Bachelorabschluss<\/h3>\n<\/div>\n\n            <\/div>\n        <\/div>\n            <\/div>\n<\/div>\n\n<div id=\"\" class=\"wp-block-text-content margin-bottom-normal\">\n    <div class=\"container-lg\">\n        <div class=\"row\">\n            <div class=\"col\">\n                <p>Als Absolventin oder Absolvent des Bachelorstudiums k&ouml;nnen Sie sich einerseits in den Masterstudien <a href=\"https:\/\/www.fh-joanneum.at\/studium\/masterstudium-business-informatics\/\">&bdquo;Business Informatics&ldquo;<\/a> mit den beiden Studierichtungen &bdquo;IT Architecture&ldquo; und &bdquo;Software and Digital Experience Engineering&ldquo; oder <a href=\"https:\/\/www.fh-joanneum.at\/data-science-and-artificial-intelligence\/master\/\">&bdquo;Data Science and Artificial Intelligence&ldquo;<\/a>, aber auch in anderen facheinschl&auml;gigen Masterstudien an der FH JOANNEUM oder einer anderen Hochschule spezialisieren. <\/p>\n<p>Andererseits steht Ihnen ein sofortiger Berufseinstieg in unterschiedlichen Branchen offen:<br>\nDas Spektrum reicht zum Beispiel von Unternehmen, die Informations- und Kommunikationstechnologien nutzen, &uuml;ber Softwarehersteller, IT-Systemh&auml;user bis hin zu Medien und Online-Services.<\/p>\n\n            <\/div>\n        <\/div>\n            <\/div>\n<\/div>\n\n","protected":false},"excerpt":{"rendered":"<p>Mit Ihrem Abschluss legen Sie den Grundstein f\u00fcr Ihre berufliche Zukunft. Welche Voraussetzungen Sie f\u00fcr den erfolgreichen Abschluss Ihres Studiums ben\u00f6tigen und alles, was Sie sonst noch wissen sollten, verraten wir Ihnen hier.<\/p>\n","protected":false},"author":3,"featured_media":0,"parent":10000301,"menu_order":68,"comment_status":"closed","ping_status":"closed","template":"","meta":{"_acf_changed":false,"footnotes":""},"acf":[],"aioseo_notices":[],"_links":{"self":[{"href":"https:\/\/www.fh-joanneum.at\/wirtschaftsinformatik\/bachelor\/wp-json\/wp\/v2\/pages\/10000324"}],"collection":[{"href":"https:\/\/www.fh-joanneum.at\/wirtschaftsinformatik\/bachelor\/wp-json\/wp\/v2\/pages"}],"about":[{"href":"https:\/\/www.fh-joanneum.at\/wirtschaftsinformatik\/bachelor\/wp-json\/wp\/v2\/types\/page"}],"author":[{"embeddable":true,"href":"https:\/\/www.fh-joanneum.at\/wirtschaftsinformatik\/bachelor\/wp-json\/wp\/v2\/users\/3"}],"replies":[{"embeddable":true,"href":"https:\/\/www.fh-joanneum.at\/wirtschaftsinformatik\/bachelor\/wp-json\/wp\/v2\/comments?post=10000324"}],"version-history":[{"count":0,"href":"https:\/\/www.fh-joanneum.at\/wirtschaftsinformatik\/bachelor\/wp-json\/wp\/v2\/pages\/10000324\/revisions"}],"up":[{"embeddable":true,"href":"https:\/\/www.fh-joanneum.at\/wirtschaftsinformatik\/bachelor\/wp-json\/wp\/v2\/pages\/10000301"}],"wp:attachment":[{"href":"https:\/\/www.fh-joanneum.at\/wirtschaftsinformatik\/bachelor\/wp-json\/wp\/v2\/media?parent=10000324"}],"curies":[{"name":"wp","href":"https:\/\/api.w.org\/{rel}","templated":true}]}}